{"id":47,"date":"2020-11-29T16:37:22","date_gmt":"2020-11-29T16:37:22","guid":{"rendered":"https:\/\/praxis-fleischhacker.de\/?page_id=47"},"modified":"2026-03-30T00:11:28","modified_gmt":"2026-03-30T00:11:28","slug":"impressum","status":"publish","type":"page","link":"https:\/\/praxis-fleischhacker.de\/?page_id=47","title":{"rendered":"Impressum"},"content":{"rendered":"\n<p>Angaben gem\u00e4\u00df \u00a7 5 TMG<\/p>\n\n\n\n<p>Inhaltlich verantwortlich f\u00fcr: praxis-fleischhacker.de:<\/p>\n\n\n\n<p>Dr. med. Peter Fleischhacker<br>Facharzt f\u00fcr Allgemeinmedizin, Akupunktur,<br>Psychotherapie und Ern\u00e4hrungsmedizin.<\/p>\n\n\n\n<p>Neumarkt 14, 49477 Ibbenb\u00fcren<br>Tel: 05451. 962 132<br>E-Mail: info@praxis-fleischhacker.de<\/p>\n\n\n\n<p>Mitgliedschaften in der<\/p>\n\n\n\n<ul class=\"wp-block-list\"><li>Deutschen Gesellschaft f\u00fcr Sexualmedizin,<br>Sexualtherapie und Sexualwissenschaft<br>(DGSMTW)<\/li><li>Deutschen Gesellschaft f\u00fcr Verhaltenstherapie e.V. (DGVT)<\/li><li>Kassen\u00e4rztlichen Vereinigung Westfalen-Lippe<\/li><li>\u00c4rztekammer Westfalen-Lippe<\/li><\/ul>\n\n\n\n<p>Die berufsrechtlichen Regelungen ergeben sich aus der Berufsordnung der \u00c4rztekammer Westfalen- Lippe. Die g\u00fcltige Berufsordnung ist unter www.aekwl.de einsehbar.<\/p>\n\n\n\n<p>Die gesetzliche Berufsbezeichnung als Arzt wurde in der Bundesrepublik Deutschland verliehen.<\/p>\n\n\n\n<p>Aufsichtsbeh\u00f6rde: <a href=\"http:\/\/www.kvwl.de\/\" target=\"_blank\" rel=\"noreferrer noopener\">Kassen\u00e4rztliche Vereinigung Westfalen Lippe (KVWL), Dortmund<\/a><\/p>\n\n\n\n<div style=\"height:27px\" aria-hidden=\"true\" class=\"wp-block-spacer\"><\/div>\n\n\n\n<p>Diese Webseite dient dazu die Praxis vorzustellen. Wir verweisen darauf, dass der Webseiteninhalt keine fachliche Auskunft oder Empfehlung darstellt. Wir \u00fcbernehmen keinerlei Haftung, aus welchem Rechtsgrund auch immer, f\u00fcr die Richtigkeit, Aktualit\u00e4t und Vollst\u00e4ndigkeit der \u00fcbermittelten Informationen.<\/p>\n\n\n\n<p>Copyright Photos\/Grafik: Miodrag Gajic, mediaphotos, Catherine Yeulet, Amanda Rohde, filo, Kristina Smirnova, dolgachov, South_agency, Ridofranz von istockphoto.com, Tumisu und Gerd Altmann von Pixabay,  Martin Fleischhacker. Das Copyright f\u00fcr alle anderen ver\u00f6ffentlichte Objekte, Texte, Textbausteine, Programmcode und Design liegt allein bei Martin Fleischhacker, Comstaff bzw. den jeweiligen Rechtinhabern. Weiterverbreitung, Kopieren und Nutzung der Inhalte, Abbildungen und Programmcode in jedweder Form auch auszugsweise nur mit ausdr\u00fccklicher und schriftlicher Genehmigung.<\/p>\n","protected":false},"excerpt":{"rendered":"<p>Angaben gem\u00e4\u00df \u00a7 5 TMG Inhaltlich verantwortlich f\u00fcr: praxis-fleischhacker.de: Dr. med. Peter FleischhackerFacharzt f\u00fcr Allgemeinmedizin, Akupunktur,Psychotherapie und Ern\u00e4hrungsmedizin. Neumarkt 14, 49477 Ibbenb\u00fcrenTel: 05451. 962 132E-Mail: info@praxis-fleischhacker.de Mitgliedschaften in der Deutschen Gesellschaft f\u00fcr Sexualmedizin,Sexualtherapie und Sexualwissenschaft(DGSMTW) Deutschen Gesellschaft f\u00fcr Verhaltenstherapie e.V. (DGVT) Kassen\u00e4rztlichen Vereinigung Westfalen-Lippe \u00c4rztekammer Westfalen-Lippe Die berufsrechtlichen Regelungen ergeben sich aus der Berufsordnung der [&hellip;]<\/p>\n","protected":false},"author":1,"featured_media":0,"parent":0,"menu_order":0,"comment_status":"closed","ping_status":"closed","template":"","meta":{"footnotes":""},"class_list":["post-47","page","type-page","status-publish","hentry"],"yoast_head":"<!-- This site is optimized with the Yoast SEO plugin v27.3 - https:\/\/yoast.com\/product\/yoast-seo-wordpress\/ -->\n<title>Impressum - Dr. med. Peter Fleischhacker - Facharzt f\u00fcr Allgemeinmedizin, Akupunktur, Psychotherapie und Ern\u00e4hrungsmedizin<\/title>\n<meta name=\"robots\" content=\"noindex, nofollow\" \/>\n<meta property=\"og:locale\" content=\"de_DE\" \/>\n<meta property=\"og:type\" content=\"article\" \/>\n<meta property=\"og:title\" content=\"Impressum - Dr. med. Peter Fleischhacker - Facharzt f\u00fcr Allgemeinmedizin, Akupunktur, Psychotherapie und Ern\u00e4hrungsmedizin\" \/>\n<meta property=\"og:description\" content=\"Angaben gem\u00e4\u00df \u00a7 5 TMG Inhaltlich verantwortlich f\u00fcr: praxis-fleischhacker.de: Dr. med. Peter FleischhackerFacharzt f\u00fcr Allgemeinmedizin, Akupunktur,Psychotherapie und Ern\u00e4hrungsmedizin. Neumarkt 14, 49477 Ibbenb\u00fcrenTel: 05451. 962 132E-Mail: info@praxis-fleischhacker.de Mitgliedschaften in der Deutschen Gesellschaft f\u00fcr Sexualmedizin,Sexualtherapie und Sexualwissenschaft(DGSMTW) Deutschen Gesellschaft f\u00fcr Verhaltenstherapie e.V. (DGVT) Kassen\u00e4rztlichen Vereinigung Westfalen-Lippe \u00c4rztekammer Westfalen-Lippe Die berufsrechtlichen Regelungen ergeben sich aus der Berufsordnung der [&hellip;]\" \/>\n<meta property=\"og:url\" content=\"https:\/\/praxis-fleischhacker.de\/?page_id=47\" \/>\n<meta property=\"og:site_name\" content=\"Dr. med. Peter Fleischhacker - Facharzt f\u00fcr Allgemeinmedizin, Akupunktur, Psychotherapie und Ern\u00e4hrungsmedizin\" \/>\n<meta property=\"article:modified_time\" content=\"2026-03-30T00:11:28+00:00\" \/>\n<meta name=\"twitter:card\" content=\"summary_large_image\" \/>\n<meta name=\"twitter:label1\" content=\"Gesch\u00e4tzte Lesezeit\" \/>\n\t<meta name=\"twitter:data1\" content=\"2\u00a0Minuten\" \/>\n<script type=\"application\/ld+json\" class=\"yoast-schema-graph\">{\"@context\":\"https:\\\/\\\/schema.org\",\"@graph\":[{\"@type\":\"WebPage\",\"@id\":\"https:\\\/\\\/praxis-fleischhacker.de\\\/?page_id=47\",\"url\":\"https:\\\/\\\/praxis-fleischhacker.de\\\/?page_id=47\",\"name\":\"Impressum - Dr. med. Peter Fleischhacker - Facharzt f\u00fcr Allgemeinmedizin, Akupunktur, Psychotherapie und Ern\u00e4hrungsmedizin\",\"isPartOf\":{\"@id\":\"https:\\\/\\\/praxis-fleischhacker.de\\\/#website\"},\"datePublished\":\"2020-11-29T16:37:22+00:00\",\"dateModified\":\"2026-03-30T00:11:28+00:00\",\"breadcrumb\":{\"@id\":\"https:\\\/\\\/praxis-fleischhacker.de\\\/?page_id=47#breadcrumb\"},\"inLanguage\":\"de\",\"potentialAction\":[{\"@type\":\"ReadAction\",\"target\":[\"https:\\\/\\\/praxis-fleischhacker.de\\\/?page_id=47\"]}]},{\"@type\":\"BreadcrumbList\",\"@id\":\"https:\\\/\\\/praxis-fleischhacker.de\\\/?page_id=47#breadcrumb\",\"itemListElement\":[{\"@type\":\"ListItem\",\"position\":1,\"name\":\"Startseite\",\"item\":\"https:\\\/\\\/praxis-fleischhacker.de\\\/\"},{\"@type\":\"ListItem\",\"position\":2,\"name\":\"Impressum\"}]},{\"@type\":\"WebSite\",\"@id\":\"https:\\\/\\\/praxis-fleischhacker.de\\\/#website\",\"url\":\"https:\\\/\\\/praxis-fleischhacker.de\\\/\",\"name\":\"Dr. med. Peter Fleischhacker - Facharzt f\u00fcr Allgemeinmedizin, Akupunktur, Psychotherapie und Ern\u00e4hrungsmedizin\",\"description\":\"\",\"publisher\":{\"@id\":\"https:\\\/\\\/praxis-fleischhacker.de\\\/#organization\"},\"potentialAction\":[{\"@type\":\"SearchAction\",\"target\":{\"@type\":\"EntryPoint\",\"urlTemplate\":\"https:\\\/\\\/praxis-fleischhacker.de\\\/?s={search_term_string}\"},\"query-input\":{\"@type\":\"PropertyValueSpecification\",\"valueRequired\":true,\"valueName\":\"search_term_string\"}}],\"inLanguage\":\"de\"},{\"@type\":\"Organization\",\"@id\":\"https:\\\/\\\/praxis-fleischhacker.de\\\/#organization\",\"name\":\"Dr. med. Peter Fleischhacker - Facharzt f\u00fcr Allgemeinmedizin, Akupunktur, Psychotherapie und Ern\u00e4hrungsmedizin\",\"url\":\"https:\\\/\\\/praxis-fleischhacker.de\\\/\",\"logo\":{\"@type\":\"ImageObject\",\"inLanguage\":\"de\",\"@id\":\"https:\\\/\\\/praxis-fleischhacker.de\\\/#\\\/schema\\\/logo\\\/image\\\/\",\"url\":\"https:\\\/\\\/praxis-fleischhacker.de\\\/wp-content\\\/uploads\\\/2020\\\/11\\\/logo_linksoben3.gif\",\"contentUrl\":\"https:\\\/\\\/praxis-fleischhacker.de\\\/wp-content\\\/uploads\\\/2020\\\/11\\\/logo_linksoben3.gif\",\"width\":595,\"height\":138,\"caption\":\"Dr. med. Peter Fleischhacker - Facharzt f\u00fcr Allgemeinmedizin, Akupunktur, Psychotherapie und Ern\u00e4hrungsmedizin\"},\"image\":{\"@id\":\"https:\\\/\\\/praxis-fleischhacker.de\\\/#\\\/schema\\\/logo\\\/image\\\/\"}}]}<\/script>\n<!-- \/ Yoast SEO plugin. -->","yoast_head_json":{"title":"Impressum - Dr. med. Peter Fleischhacker - Facharzt f\u00fcr Allgemeinmedizin, Akupunktur, Psychotherapie und Ern\u00e4hrungsmedizin","robots":{"index":"noindex","follow":"nofollow"},"og_locale":"de_DE","og_type":"article","og_title":"Impressum - Dr. med. Peter Fleischhacker - Facharzt f\u00fcr Allgemeinmedizin, Akupunktur, Psychotherapie und Ern\u00e4hrungsmedizin","og_description":"Angaben gem\u00e4\u00df \u00a7 5 TMG Inhaltlich verantwortlich f\u00fcr: praxis-fleischhacker.de: Dr. med. Peter FleischhackerFacharzt f\u00fcr Allgemeinmedizin, Akupunktur,Psychotherapie und Ern\u00e4hrungsmedizin. Neumarkt 14, 49477 Ibbenb\u00fcrenTel: 05451. 962 132E-Mail: info@praxis-fleischhacker.de Mitgliedschaften in der Deutschen Gesellschaft f\u00fcr Sexualmedizin,Sexualtherapie und Sexualwissenschaft(DGSMTW) Deutschen Gesellschaft f\u00fcr Verhaltenstherapie e.V. (DGVT) Kassen\u00e4rztlichen Vereinigung Westfalen-Lippe \u00c4rztekammer Westfalen-Lippe Die berufsrechtlichen Regelungen ergeben sich aus der Berufsordnung der [&hellip;]","og_url":"https:\/\/praxis-fleischhacker.de\/?page_id=47","og_site_name":"Dr. med. Peter Fleischhacker - Facharzt f\u00fcr Allgemeinmedizin, Akupunktur, Psychotherapie und Ern\u00e4hrungsmedizin","article_modified_time":"2026-03-30T00:11:28+00:00","twitter_card":"summary_large_image","twitter_misc":{"Gesch\u00e4tzte Lesezeit":"2\u00a0Minuten"},"schema":{"@context":"https:\/\/schema.org","@graph":[{"@type":"WebPage","@id":"https:\/\/praxis-fleischhacker.de\/?page_id=47","url":"https:\/\/praxis-fleischhacker.de\/?page_id=47","name":"Impressum - Dr. med. Peter Fleischhacker - Facharzt f\u00fcr Allgemeinmedizin, Akupunktur, Psychotherapie und Ern\u00e4hrungsmedizin","isPartOf":{"@id":"https:\/\/praxis-fleischhacker.de\/#website"},"datePublished":"2020-11-29T16:37:22+00:00","dateModified":"2026-03-30T00:11:28+00:00","breadcrumb":{"@id":"https:\/\/praxis-fleischhacker.de\/?page_id=47#breadcrumb"},"inLanguage":"de","potentialAction":[{"@type":"ReadAction","target":["https:\/\/praxis-fleischhacker.de\/?page_id=47"]}]},{"@type":"BreadcrumbList","@id":"https:\/\/praxis-fleischhacker.de\/?page_id=47#breadcrumb","itemListElement":[{"@type":"ListItem","position":1,"name":"Startseite","item":"https:\/\/praxis-fleischhacker.de\/"},{"@type":"ListItem","position":2,"name":"Impressum"}]},{"@type":"WebSite","@id":"https:\/\/praxis-fleischhacker.de\/#website","url":"https:\/\/praxis-fleischhacker.de\/","name":"Dr. med. Peter Fleischhacker - Facharzt f\u00fcr Allgemeinmedizin, Akupunktur, Psychotherapie und Ern\u00e4hrungsmedizin","description":"","publisher":{"@id":"https:\/\/praxis-fleischhacker.de\/#organization"},"potentialAction":[{"@type":"SearchAction","target":{"@type":"EntryPoint","urlTemplate":"https:\/\/praxis-fleischhacker.de\/?s={search_term_string}"},"query-input":{"@type":"PropertyValueSpecification","valueRequired":true,"valueName":"search_term_string"}}],"inLanguage":"de"},{"@type":"Organization","@id":"https:\/\/praxis-fleischhacker.de\/#organization","name":"Dr. med. Peter Fleischhacker - Facharzt f\u00fcr Allgemeinmedizin, Akupunktur, Psychotherapie und Ern\u00e4hrungsmedizin","url":"https:\/\/praxis-fleischhacker.de\/","logo":{"@type":"ImageObject","inLanguage":"de","@id":"https:\/\/praxis-fleischhacker.de\/#\/schema\/logo\/image\/","url":"https:\/\/praxis-fleischhacker.de\/wp-content\/uploads\/2020\/11\/logo_linksoben3.gif","contentUrl":"https:\/\/praxis-fleischhacker.de\/wp-content\/uploads\/2020\/11\/logo_linksoben3.gif","width":595,"height":138,"caption":"Dr. med. Peter Fleischhacker - Facharzt f\u00fcr Allgemeinmedizin, Akupunktur, Psychotherapie und Ern\u00e4hrungsmedizin"},"image":{"@id":"https:\/\/praxis-fleischhacker.de\/#\/schema\/logo\/image\/"}}]}},"_links":{"self":[{"href":"https:\/\/praxis-fleischhacker.de\/index.php?rest_route=\/wp\/v2\/pages\/47","targetHints":{"allow":["GET"]}}],"collection":[{"href":"https:\/\/praxis-fleischhacker.de\/index.php?rest_route=\/wp\/v2\/pages"}],"about":[{"href":"https:\/\/praxis-fleischhacker.de\/index.php?rest_route=\/wp\/v2\/types\/page"}],"author":[{"embeddable":true,"href":"https:\/\/praxis-fleischhacker.de\/index.php?rest_route=\/wp\/v2\/users\/1"}],"replies":[{"embeddable":true,"href":"https:\/\/praxis-fleischhacker.de\/index.php?rest_route=%2Fwp%2Fv2%2Fcomments&post=47"}],"version-history":[{"count":16,"href":"https:\/\/praxis-fleischhacker.de\/index.php?rest_route=\/wp\/v2\/pages\/47\/revisions"}],"predecessor-version":[{"id":217,"href":"https:\/\/praxis-fleischhacker.de\/index.php?rest_route=\/wp\/v2\/pages\/47\/revisions\/217"}],"wp:attachment":[{"href":"https:\/\/praxis-fleischhacker.de\/index.php?rest_route=%2Fwp%2Fv2%2Fmedia&parent=47"}],"curies":[{"name":"wp","href":"https:\/\/api.w.org\/{rel}","templated":true}]}}