{"id":6,"date":"2020-11-29T15:48:16","date_gmt":"2020-11-29T15:48:16","guid":{"rendered":"https:\/\/praxis-fleischhacker.de\/?page_id=6"},"modified":"2024-05-03T15:09:34","modified_gmt":"2024-05-03T15:09:34","slug":"start","status":"publish","type":"page","link":"https:\/\/praxis-fleischhacker.de\/","title":{"rendered":"Willkommen"},"content":{"rendered":"\n<p>Liebe Besucherin, lieber Besucher,<\/p>\n\n\n\n<p>ich begr\u00fc\u00dfe Sie herzlich auf der Internetpr\u00e4senz meiner Praxis in Ibbenb\u00fcren\/Westfalen.<\/p>\n\n\n\n<p>Seit 2000 f\u00fchre ich meine Praxis mit den Schwerpunkten:<\/p>\n\n\n\n<ul class=\"wp-block-list\">\n<li>Allgemeinmedizin &#8211; Haus\u00e4rztliche Versorgung<\/li>\n\n\n\n<li>Akupunktur &#8211; Traditionelle chinesische Medizin<\/li>\n\n\n\n<li>Psychotherapie und Verhaltenstherapie<\/li>\n\n\n\n<li>Ern\u00e4hrungsmedizin<\/li>\n\n\n\n<li>Ern\u00e4hrungsberatung und ern\u00e4hrungsmedizinische Behandlung<\/li>\n\n\n\n<li>Sexualmedizin und Sexuelle Funktionsst\u00f6rungen u.a.<\/li>\n<\/ul>\n\n\n\n<p><\/p>\n\n\n\n<h6 class=\"wp-block-heading has-text-align-center has-text-color\" id=\"anker01\" style=\"color:#ff0000\">Corona (Covid-19)<\/h6>\n\n\n\n<p>Die Corona-Pandemie verlangte von uns allen viel ab. Um vulnerable Patientinnen und Patienten weiterhin zu sch\u00fctzen, bitten wir darum bei einem Verdacht einer Corona-Infektion weiterhin die Praxis mit einer geeigneten Mund-Nasen-Bedeckung zu betreten. Vielen Dank!<\/p>\n\n\n\n<p class=\"has-primary-color has-text-color\">Herzlichst Ihr<br>Dr. med. Peter Fleischhacker<\/p>\n","protected":false},"excerpt":{"rendered":"<p>Liebe Besucherin, lieber Besucher, ich begr\u00fc\u00dfe Sie herzlich auf der Internetpr\u00e4senz meiner Praxis in Ibbenb\u00fcren\/Westfalen. Seit 2000 f\u00fchre ich meine Praxis mit den Schwerpunkten: Corona (Covid-19) Die Corona-Pandemie verlangte von uns allen viel ab. Um vulnerable Patientinnen und Patienten weiterhin zu sch\u00fctzen, bitten wir darum bei einem Verdacht einer Corona-Infektion weiterhin die Praxis mit einer [&hellip;]<\/p>\n","protected":false},"author":1,"featured_media":0,"parent":0,"menu_order":0,"comment_status":"closed","ping_status":"closed","template":"","meta":{"footnotes":""},"class_list":["post-6","page","type-page","status-publish","hentry"],"yoast_head":"<!-- This site is optimized with the Yoast SEO plugin v27.1.1 - https:\/\/yoast.com\/product\/yoast-seo-wordpress\/ -->\n<title>Willkommen - Dr. med. Peter Fleischhacker - Facharzt f\u00fcr Allgemeinmedizin, Akupunktur, Psychotherapie und Ern\u00e4hrungsmedizin<\/title>\n<meta name=\"description\" content=\"Internetpr\u00e4senz der Praxis Dr. med. Peter Fleischhacker Praxis in Ibbenb\u00fcren\/Westfalen.\" \/>\n<meta name=\"robots\" content=\"index, follow, max-snippet:-1, max-image-preview:large, max-video-preview:-1\" \/>\n<link rel=\"canonical\" href=\"https:\/\/praxis-fleischhacker.de\/\" \/>\n<meta property=\"og:locale\" content=\"de_DE\" \/>\n<meta property=\"og:type\" content=\"article\" \/>\n<meta property=\"og:title\" content=\"Willkommen - Dr. med. Peter Fleischhacker - Facharzt f\u00fcr Allgemeinmedizin, Akupunktur, Psychotherapie und Ern\u00e4hrungsmedizin\" \/>\n<meta property=\"og:description\" content=\"Internetpr\u00e4senz der Praxis Dr. med. Peter Fleischhacker Praxis in Ibbenb\u00fcren\/Westfalen.\" \/>\n<meta property=\"og:url\" content=\"https:\/\/praxis-fleischhacker.de\/\" \/>\n<meta property=\"og:site_name\" content=\"Dr. med. Peter Fleischhacker - Facharzt f\u00fcr Allgemeinmedizin, Akupunktur, Psychotherapie und Ern\u00e4hrungsmedizin\" \/>\n<meta property=\"article:modified_time\" content=\"2024-05-03T15:09:34+00:00\" \/>\n<meta name=\"twitter:card\" content=\"summary_large_image\" \/>\n<meta name=\"twitter:label1\" content=\"Gesch\u00e4tzte Lesezeit\" \/>\n\t<meta name=\"twitter:data1\" content=\"1\u00a0Minute\" \/>\n<script type=\"application\/ld+json\" class=\"yoast-schema-graph\">{\"@context\":\"https:\/\/schema.org\",\"@graph\":[{\"@type\":\"WebPage\",\"@id\":\"https:\/\/praxis-fleischhacker.de\/\",\"url\":\"https:\/\/praxis-fleischhacker.de\/\",\"name\":\"Willkommen - Dr. med. Peter Fleischhacker - Facharzt f\u00fcr Allgemeinmedizin, Akupunktur, Psychotherapie und Ern\u00e4hrungsmedizin\",\"isPartOf\":{\"@id\":\"https:\/\/praxis-fleischhacker.de\/#website\"},\"datePublished\":\"2020-11-29T15:48:16+00:00\",\"dateModified\":\"2024-05-03T15:09:34+00:00\",\"description\":\"Internetpr\u00e4senz der Praxis Dr. med. Peter Fleischhacker Praxis in Ibbenb\u00fcren\/Westfalen.\",\"breadcrumb\":{\"@id\":\"https:\/\/praxis-fleischhacker.de\/#breadcrumb\"},\"inLanguage\":\"de\",\"potentialAction\":[{\"@type\":\"ReadAction\",\"target\":[\"https:\/\/praxis-fleischhacker.de\/\"]}]},{\"@type\":\"BreadcrumbList\",\"@id\":\"https:\/\/praxis-fleischhacker.de\/#breadcrumb\",\"itemListElement\":[{\"@type\":\"ListItem\",\"position\":1,\"name\":\"Startseite\",\"item\":\"https:\/\/praxis-fleischhacker.de\/\"},{\"@type\":\"ListItem\",\"position\":2,\"name\":\"Willkommen\"}]},{\"@type\":\"WebSite\",\"@id\":\"https:\/\/praxis-fleischhacker.de\/#website\",\"url\":\"https:\/\/praxis-fleischhacker.de\/\",\"name\":\"Dr. med. Peter Fleischhacker - Facharzt f\u00fcr Allgemeinmedizin, Akupunktur, Psychotherapie und Ern\u00e4hrungsmedizin\",\"description\":\"\",\"publisher\":{\"@id\":\"https:\/\/praxis-fleischhacker.de\/#organization\"},\"potentialAction\":[{\"@type\":\"SearchAction\",\"target\":{\"@type\":\"EntryPoint\",\"urlTemplate\":\"https:\/\/praxis-fleischhacker.de\/?s={search_term_string}\"},\"query-input\":{\"@type\":\"PropertyValueSpecification\",\"valueRequired\":true,\"valueName\":\"search_term_string\"}}],\"inLanguage\":\"de\"},{\"@type\":\"Organization\",\"@id\":\"https:\/\/praxis-fleischhacker.de\/#organization\",\"name\":\"Dr. med. Peter Fleischhacker - Facharzt f\u00fcr Allgemeinmedizin, Akupunktur, Psychotherapie und Ern\u00e4hrungsmedizin\",\"url\":\"https:\/\/praxis-fleischhacker.de\/\",\"logo\":{\"@type\":\"ImageObject\",\"inLanguage\":\"de\",\"@id\":\"https:\/\/praxis-fleischhacker.de\/#\/schema\/logo\/image\/\",\"url\":\"https:\/\/praxis-fleischhacker.de\/wp-content\/uploads\/2020\/11\/logo_linksoben3.gif\",\"contentUrl\":\"https:\/\/praxis-fleischhacker.de\/wp-content\/uploads\/2020\/11\/logo_linksoben3.gif\",\"width\":595,\"height\":138,\"caption\":\"Dr. med. Peter Fleischhacker - Facharzt f\u00fcr Allgemeinmedizin, Akupunktur, Psychotherapie und Ern\u00e4hrungsmedizin\"},\"image\":{\"@id\":\"https:\/\/praxis-fleischhacker.de\/#\/schema\/logo\/image\/\"}}]}<\/script>\n<!-- \/ Yoast SEO plugin. -->","yoast_head_json":{"title":"Willkommen - Dr. med. Peter Fleischhacker - Facharzt f\u00fcr Allgemeinmedizin, Akupunktur, Psychotherapie und Ern\u00e4hrungsmedizin","description":"Internetpr\u00e4senz der Praxis Dr. med. Peter Fleischhacker Praxis in Ibbenb\u00fcren\/Westfalen.","robots":{"index":"index","follow":"follow","max-snippet":"max-snippet:-1","max-image-preview":"max-image-preview:large","max-video-preview":"max-video-preview:-1"},"canonical":"https:\/\/praxis-fleischhacker.de\/","og_locale":"de_DE","og_type":"article","og_title":"Willkommen - Dr. med. Peter Fleischhacker - Facharzt f\u00fcr Allgemeinmedizin, Akupunktur, Psychotherapie und Ern\u00e4hrungsmedizin","og_description":"Internetpr\u00e4senz der Praxis Dr. med. Peter Fleischhacker Praxis in Ibbenb\u00fcren\/Westfalen.","og_url":"https:\/\/praxis-fleischhacker.de\/","og_site_name":"Dr. med. Peter Fleischhacker - Facharzt f\u00fcr Allgemeinmedizin, Akupunktur, Psychotherapie und Ern\u00e4hrungsmedizin","article_modified_time":"2024-05-03T15:09:34+00:00","twitter_card":"summary_large_image","twitter_misc":{"Gesch\u00e4tzte Lesezeit":"1\u00a0Minute"},"schema":{"@context":"https:\/\/schema.org","@graph":[{"@type":"WebPage","@id":"https:\/\/praxis-fleischhacker.de\/","url":"https:\/\/praxis-fleischhacker.de\/","name":"Willkommen - Dr. med. Peter Fleischhacker - Facharzt f\u00fcr Allgemeinmedizin, Akupunktur, Psychotherapie und Ern\u00e4hrungsmedizin","isPartOf":{"@id":"https:\/\/praxis-fleischhacker.de\/#website"},"datePublished":"2020-11-29T15:48:16+00:00","dateModified":"2024-05-03T15:09:34+00:00","description":"Internetpr\u00e4senz der Praxis Dr. med. Peter Fleischhacker Praxis in Ibbenb\u00fcren\/Westfalen.","breadcrumb":{"@id":"https:\/\/praxis-fleischhacker.de\/#breadcrumb"},"inLanguage":"de","potentialAction":[{"@type":"ReadAction","target":["https:\/\/praxis-fleischhacker.de\/"]}]},{"@type":"BreadcrumbList","@id":"https:\/\/praxis-fleischhacker.de\/#breadcrumb","itemListElement":[{"@type":"ListItem","position":1,"name":"Startseite","item":"https:\/\/praxis-fleischhacker.de\/"},{"@type":"ListItem","position":2,"name":"Willkommen"}]},{"@type":"WebSite","@id":"https:\/\/praxis-fleischhacker.de\/#website","url":"https:\/\/praxis-fleischhacker.de\/","name":"Dr. med. Peter Fleischhacker - Facharzt f\u00fcr Allgemeinmedizin, Akupunktur, Psychotherapie und Ern\u00e4hrungsmedizin","description":"","publisher":{"@id":"https:\/\/praxis-fleischhacker.de\/#organization"},"potentialAction":[{"@type":"SearchAction","target":{"@type":"EntryPoint","urlTemplate":"https:\/\/praxis-fleischhacker.de\/?s={search_term_string}"},"query-input":{"@type":"PropertyValueSpecification","valueRequired":true,"valueName":"search_term_string"}}],"inLanguage":"de"},{"@type":"Organization","@id":"https:\/\/praxis-fleischhacker.de\/#organization","name":"Dr. med. Peter Fleischhacker - Facharzt f\u00fcr Allgemeinmedizin, Akupunktur, Psychotherapie und Ern\u00e4hrungsmedizin","url":"https:\/\/praxis-fleischhacker.de\/","logo":{"@type":"ImageObject","inLanguage":"de","@id":"https:\/\/praxis-fleischhacker.de\/#\/schema\/logo\/image\/","url":"https:\/\/praxis-fleischhacker.de\/wp-content\/uploads\/2020\/11\/logo_linksoben3.gif","contentUrl":"https:\/\/praxis-fleischhacker.de\/wp-content\/uploads\/2020\/11\/logo_linksoben3.gif","width":595,"height":138,"caption":"Dr. med. Peter Fleischhacker - Facharzt f\u00fcr Allgemeinmedizin, Akupunktur, Psychotherapie und Ern\u00e4hrungsmedizin"},"image":{"@id":"https:\/\/praxis-fleischhacker.de\/#\/schema\/logo\/image\/"}}]}},"_links":{"self":[{"href":"https:\/\/praxis-fleischhacker.de\/index.php?rest_route=\/wp\/v2\/pages\/6","targetHints":{"allow":["GET"]}}],"collection":[{"href":"https:\/\/praxis-fleischhacker.de\/index.php?rest_route=\/wp\/v2\/pages"}],"about":[{"href":"https:\/\/praxis-fleischhacker.de\/index.php?rest_route=\/wp\/v2\/types\/page"}],"author":[{"embeddable":true,"href":"https:\/\/praxis-fleischhacker.de\/index.php?rest_route=\/wp\/v2\/users\/1"}],"replies":[{"embeddable":true,"href":"https:\/\/praxis-fleischhacker.de\/index.php?rest_route=%2Fwp%2Fv2%2Fcomments&post=6"}],"version-history":[{"count":42,"href":"https:\/\/praxis-fleischhacker.de\/index.php?rest_route=\/wp\/v2\/pages\/6\/revisions"}],"predecessor-version":[{"id":261,"href":"https:\/\/praxis-fleischhacker.de\/index.php?rest_route=\/wp\/v2\/pages\/6\/revisions\/261"}],"wp:attachment":[{"href":"https:\/\/praxis-fleischhacker.de\/index.php?rest_route=%2Fwp%2Fv2%2Fmedia&parent=6"}],"curies":[{"name":"wp","href":"https:\/\/api.w.org\/{rel}","templated":true}]}}