{"id":81,"date":"2020-11-29T17:52:53","date_gmt":"2020-11-29T17:52:53","guid":{"rendered":"https:\/\/praxis-fleischhacker.de\/?page_id=81"},"modified":"2020-11-29T19:39:46","modified_gmt":"2020-11-29T19:39:46","slug":"psychotherapie","status":"publish","type":"page","link":"https:\/\/praxis-fleischhacker.de\/?page_id=81","title":{"rendered":"Psychotherapie"},"content":{"rendered":"\n<div class=\"wp-block-image\"><figure class=\"aligncenter size-large\"><img loading=\"lazy\" decoding=\"async\" width=\"300\" height=\"300\" src=\"https:\/\/praxis-fleischhacker.de\/wp-content\/uploads\/2020\/11\/psychotherapie-.jpg\" alt=\"\" class=\"wp-image-90\" srcset=\"https:\/\/praxis-fleischhacker.de\/wp-content\/uploads\/2020\/11\/psychotherapie-.jpg 300w, https:\/\/praxis-fleischhacker.de\/wp-content\/uploads\/2020\/11\/psychotherapie--150x150.jpg 150w\" sizes=\"auto, (max-width: 300px) 100vw, 300px\" \/><\/figure><\/div>\n\n\n\n<p>Im Rahmen meiner psychotherapeutischen T\u00e4tigkeit behandle ich u.a. Depressionen, Angst- und Panikst\u00f6rungen, Phobien, Zwangserkrankungen, Anpassungsst\u00f6rungen, posttraumatische Belastungsst\u00f6rungen, Pers\u00f6nlichkeitsst\u00f6rungen, psychotische und somatische Erkrankungsbilder.<\/p>\n\n\n\n<p>Zu meiner psychotherapeutischen T\u00e4tigkeit geh\u00f6ren auch die Anwendung und Anleitung von Entspannungsverfahren und Hypnotherapien.<\/p>\n\n\n\n<p>Seit Jahren behandle ich zudem Patienten mit sexualmedizinischen Problemen.<\/p>\n","protected":false},"excerpt":{"rendered":"<p>Im Rahmen meiner psychotherapeutischen T\u00e4tigkeit behandle ich u.a. Depressionen, Angst- und Panikst\u00f6rungen, Phobien, Zwangserkrankungen, Anpassungsst\u00f6rungen, posttraumatische Belastungsst\u00f6rungen, Pers\u00f6nlichkeitsst\u00f6rungen, psychotische und somatische Erkrankungsbilder. Zu meiner psychotherapeutischen T\u00e4tigkeit geh\u00f6ren auch die Anwendung und Anleitung von Entspannungsverfahren und Hypnotherapien. Seit Jahren behandle ich zudem Patienten mit sexualmedizinischen Problemen.<\/p>\n","protected":false},"author":1,"featured_media":0,"parent":0,"menu_order":0,"comment_status":"closed","ping_status":"closed","template":"","meta":{"footnotes":""},"class_list":["post-81","page","type-page","status-publish","hentry"],"yoast_head":"<!-- This site is optimized with the Yoast SEO plugin v27.1.1 - https:\/\/yoast.com\/product\/yoast-seo-wordpress\/ -->\n<title>Psychotherapie - Dr. med. Peter Fleischhacker - Facharzt f\u00fcr Allgemeinmedizin, Akupunktur, Psychotherapie und Ern\u00e4hrungsmedizin<\/title>\n<meta name=\"description\" content=\"Im Rahmen der psychotherapeutischen T\u00e4tigkeit werden u.a. Depressionen, Angst- und Panikst\u00f6rungen, Phobien und Zwangserkrankungen behandelt.\" \/>\n<meta name=\"robots\" content=\"index, follow, max-snippet:-1, max-image-preview:large, max-video-preview:-1\" \/>\n<link rel=\"canonical\" href=\"https:\/\/praxis-fleischhacker.de\/?page_id=81\" \/>\n<meta property=\"og:locale\" content=\"de_DE\" \/>\n<meta property=\"og:type\" content=\"article\" \/>\n<meta property=\"og:title\" content=\"Psychotherapie - Dr. med. Peter Fleischhacker - Facharzt f\u00fcr Allgemeinmedizin, Akupunktur, Psychotherapie und Ern\u00e4hrungsmedizin\" \/>\n<meta property=\"og:description\" content=\"Im Rahmen der psychotherapeutischen T\u00e4tigkeit werden u.a. Depressionen, Angst- und Panikst\u00f6rungen, Phobien und Zwangserkrankungen behandelt.\" \/>\n<meta property=\"og:url\" content=\"https:\/\/praxis-fleischhacker.de\/?page_id=81\" \/>\n<meta property=\"og:site_name\" content=\"Dr. med. Peter Fleischhacker - Facharzt f\u00fcr Allgemeinmedizin, Akupunktur, Psychotherapie und Ern\u00e4hrungsmedizin\" \/>\n<meta property=\"article:modified_time\" content=\"2020-11-29T19:39:46+00:00\" \/>\n<meta property=\"og:image\" content=\"https:\/\/praxis-fleischhacker.de\/wp-content\/uploads\/2020\/11\/psychotherapie-.jpg\" \/>\n<meta name=\"twitter:card\" content=\"summary_large_image\" \/>\n<script type=\"application\/ld+json\" class=\"yoast-schema-graph\">{\"@context\":\"https:\/\/schema.org\",\"@graph\":[{\"@type\":\"WebPage\",\"@id\":\"https:\/\/praxis-fleischhacker.de\/?page_id=81\",\"url\":\"https:\/\/praxis-fleischhacker.de\/?page_id=81\",\"name\":\"Psychotherapie - Dr. med. Peter Fleischhacker - Facharzt f\u00fcr Allgemeinmedizin, Akupunktur, Psychotherapie und Ern\u00e4hrungsmedizin\",\"isPartOf\":{\"@id\":\"https:\/\/praxis-fleischhacker.de\/#website\"},\"primaryImageOfPage\":{\"@id\":\"https:\/\/praxis-fleischhacker.de\/?page_id=81#primaryimage\"},\"image\":{\"@id\":\"https:\/\/praxis-fleischhacker.de\/?page_id=81#primaryimage\"},\"thumbnailUrl\":\"https:\/\/praxis-fleischhacker.de\/wp-content\/uploads\/2020\/11\/psychotherapie-.jpg\",\"datePublished\":\"2020-11-29T17:52:53+00:00\",\"dateModified\":\"2020-11-29T19:39:46+00:00\",\"description\":\"Im Rahmen der psychotherapeutischen T\u00e4tigkeit werden u.a. Depressionen, Angst- und Panikst\u00f6rungen, Phobien und Zwangserkrankungen behandelt.\",\"breadcrumb\":{\"@id\":\"https:\/\/praxis-fleischhacker.de\/?page_id=81#breadcrumb\"},\"inLanguage\":\"de\",\"potentialAction\":[{\"@type\":\"ReadAction\",\"target\":[\"https:\/\/praxis-fleischhacker.de\/?page_id=81\"]}]},{\"@type\":\"ImageObject\",\"inLanguage\":\"de\",\"@id\":\"https:\/\/praxis-fleischhacker.de\/?page_id=81#primaryimage\",\"url\":\"https:\/\/praxis-fleischhacker.de\/wp-content\/uploads\/2020\/11\/psychotherapie-.jpg\",\"contentUrl\":\"https:\/\/praxis-fleischhacker.de\/wp-content\/uploads\/2020\/11\/psychotherapie-.jpg\",\"width\":300,\"height\":300},{\"@type\":\"BreadcrumbList\",\"@id\":\"https:\/\/praxis-fleischhacker.de\/?page_id=81#breadcrumb\",\"itemListElement\":[{\"@type\":\"ListItem\",\"position\":1,\"name\":\"Startseite\",\"item\":\"https:\/\/praxis-fleischhacker.de\/\"},{\"@type\":\"ListItem\",\"position\":2,\"name\":\"Psychotherapie\"}]},{\"@type\":\"WebSite\",\"@id\":\"https:\/\/praxis-fleischhacker.de\/#website\",\"url\":\"https:\/\/praxis-fleischhacker.de\/\",\"name\":\"Dr. med. Peter Fleischhacker - Facharzt f\u00fcr Allgemeinmedizin, Akupunktur, Psychotherapie und Ern\u00e4hrungsmedizin\",\"description\":\"\",\"publisher\":{\"@id\":\"https:\/\/praxis-fleischhacker.de\/#organization\"},\"potentialAction\":[{\"@type\":\"SearchAction\",\"target\":{\"@type\":\"EntryPoint\",\"urlTemplate\":\"https:\/\/praxis-fleischhacker.de\/?s={search_term_string}\"},\"query-input\":{\"@type\":\"PropertyValueSpecification\",\"valueRequired\":true,\"valueName\":\"search_term_string\"}}],\"inLanguage\":\"de\"},{\"@type\":\"Organization\",\"@id\":\"https:\/\/praxis-fleischhacker.de\/#organization\",\"name\":\"Dr. med. Peter Fleischhacker - Facharzt f\u00fcr Allgemeinmedizin, Akupunktur, Psychotherapie und Ern\u00e4hrungsmedizin\",\"url\":\"https:\/\/praxis-fleischhacker.de\/\",\"logo\":{\"@type\":\"ImageObject\",\"inLanguage\":\"de\",\"@id\":\"https:\/\/praxis-fleischhacker.de\/#\/schema\/logo\/image\/\",\"url\":\"https:\/\/praxis-fleischhacker.de\/wp-content\/uploads\/2020\/11\/logo_linksoben3.gif\",\"contentUrl\":\"https:\/\/praxis-fleischhacker.de\/wp-content\/uploads\/2020\/11\/logo_linksoben3.gif\",\"width\":595,\"height\":138,\"caption\":\"Dr. med. Peter Fleischhacker - Facharzt f\u00fcr Allgemeinmedizin, Akupunktur, Psychotherapie und Ern\u00e4hrungsmedizin\"},\"image\":{\"@id\":\"https:\/\/praxis-fleischhacker.de\/#\/schema\/logo\/image\/\"}}]}<\/script>\n<!-- \/ Yoast SEO plugin. -->","yoast_head_json":{"title":"Psychotherapie - Dr. med. Peter Fleischhacker - Facharzt f\u00fcr Allgemeinmedizin, Akupunktur, Psychotherapie und Ern\u00e4hrungsmedizin","description":"Im Rahmen der psychotherapeutischen T\u00e4tigkeit werden u.a. Depressionen, Angst- und Panikst\u00f6rungen, Phobien und Zwangserkrankungen behandelt.","robots":{"index":"index","follow":"follow","max-snippet":"max-snippet:-1","max-image-preview":"max-image-preview:large","max-video-preview":"max-video-preview:-1"},"canonical":"https:\/\/praxis-fleischhacker.de\/?page_id=81","og_locale":"de_DE","og_type":"article","og_title":"Psychotherapie - Dr. med. Peter Fleischhacker - Facharzt f\u00fcr Allgemeinmedizin, Akupunktur, Psychotherapie und Ern\u00e4hrungsmedizin","og_description":"Im Rahmen der psychotherapeutischen T\u00e4tigkeit werden u.a. Depressionen, Angst- und Panikst\u00f6rungen, Phobien und Zwangserkrankungen behandelt.","og_url":"https:\/\/praxis-fleischhacker.de\/?page_id=81","og_site_name":"Dr. med. Peter Fleischhacker - Facharzt f\u00fcr Allgemeinmedizin, Akupunktur, Psychotherapie und Ern\u00e4hrungsmedizin","article_modified_time":"2020-11-29T19:39:46+00:00","og_image":[{"url":"https:\/\/praxis-fleischhacker.de\/wp-content\/uploads\/2020\/11\/psychotherapie-.jpg","type":"","width":"","height":""}],"twitter_card":"summary_large_image","schema":{"@context":"https:\/\/schema.org","@graph":[{"@type":"WebPage","@id":"https:\/\/praxis-fleischhacker.de\/?page_id=81","url":"https:\/\/praxis-fleischhacker.de\/?page_id=81","name":"Psychotherapie - Dr. med. Peter Fleischhacker - Facharzt f\u00fcr Allgemeinmedizin, Akupunktur, Psychotherapie und Ern\u00e4hrungsmedizin","isPartOf":{"@id":"https:\/\/praxis-fleischhacker.de\/#website"},"primaryImageOfPage":{"@id":"https:\/\/praxis-fleischhacker.de\/?page_id=81#primaryimage"},"image":{"@id":"https:\/\/praxis-fleischhacker.de\/?page_id=81#primaryimage"},"thumbnailUrl":"https:\/\/praxis-fleischhacker.de\/wp-content\/uploads\/2020\/11\/psychotherapie-.jpg","datePublished":"2020-11-29T17:52:53+00:00","dateModified":"2020-11-29T19:39:46+00:00","description":"Im Rahmen der psychotherapeutischen T\u00e4tigkeit werden u.a. Depressionen, Angst- und Panikst\u00f6rungen, Phobien und Zwangserkrankungen behandelt.","breadcrumb":{"@id":"https:\/\/praxis-fleischhacker.de\/?page_id=81#breadcrumb"},"inLanguage":"de","potentialAction":[{"@type":"ReadAction","target":["https:\/\/praxis-fleischhacker.de\/?page_id=81"]}]},{"@type":"ImageObject","inLanguage":"de","@id":"https:\/\/praxis-fleischhacker.de\/?page_id=81#primaryimage","url":"https:\/\/praxis-fleischhacker.de\/wp-content\/uploads\/2020\/11\/psychotherapie-.jpg","contentUrl":"https:\/\/praxis-fleischhacker.de\/wp-content\/uploads\/2020\/11\/psychotherapie-.jpg","width":300,"height":300},{"@type":"BreadcrumbList","@id":"https:\/\/praxis-fleischhacker.de\/?page_id=81#breadcrumb","itemListElement":[{"@type":"ListItem","position":1,"name":"Startseite","item":"https:\/\/praxis-fleischhacker.de\/"},{"@type":"ListItem","position":2,"name":"Psychotherapie"}]},{"@type":"WebSite","@id":"https:\/\/praxis-fleischhacker.de\/#website","url":"https:\/\/praxis-fleischhacker.de\/","name":"Dr. med. Peter Fleischhacker - Facharzt f\u00fcr Allgemeinmedizin, Akupunktur, Psychotherapie und Ern\u00e4hrungsmedizin","description":"","publisher":{"@id":"https:\/\/praxis-fleischhacker.de\/#organization"},"potentialAction":[{"@type":"SearchAction","target":{"@type":"EntryPoint","urlTemplate":"https:\/\/praxis-fleischhacker.de\/?s={search_term_string}"},"query-input":{"@type":"PropertyValueSpecification","valueRequired":true,"valueName":"search_term_string"}}],"inLanguage":"de"},{"@type":"Organization","@id":"https:\/\/praxis-fleischhacker.de\/#organization","name":"Dr. med. Peter Fleischhacker - Facharzt f\u00fcr Allgemeinmedizin, Akupunktur, Psychotherapie und Ern\u00e4hrungsmedizin","url":"https:\/\/praxis-fleischhacker.de\/","logo":{"@type":"ImageObject","inLanguage":"de","@id":"https:\/\/praxis-fleischhacker.de\/#\/schema\/logo\/image\/","url":"https:\/\/praxis-fleischhacker.de\/wp-content\/uploads\/2020\/11\/logo_linksoben3.gif","contentUrl":"https:\/\/praxis-fleischhacker.de\/wp-content\/uploads\/2020\/11\/logo_linksoben3.gif","width":595,"height":138,"caption":"Dr. med. Peter Fleischhacker - Facharzt f\u00fcr Allgemeinmedizin, Akupunktur, Psychotherapie und Ern\u00e4hrungsmedizin"},"image":{"@id":"https:\/\/praxis-fleischhacker.de\/#\/schema\/logo\/image\/"}}]}},"_links":{"self":[{"href":"https:\/\/praxis-fleischhacker.de\/index.php?rest_route=\/wp\/v2\/pages\/81","targetHints":{"allow":["GET"]}}],"collection":[{"href":"https:\/\/praxis-fleischhacker.de\/index.php?rest_route=\/wp\/v2\/pages"}],"about":[{"href":"https:\/\/praxis-fleischhacker.de\/index.php?rest_route=\/wp\/v2\/types\/page"}],"author":[{"embeddable":true,"href":"https:\/\/praxis-fleischhacker.de\/index.php?rest_route=\/wp\/v2\/users\/1"}],"replies":[{"embeddable":true,"href":"https:\/\/praxis-fleischhacker.de\/index.php?rest_route=%2Fwp%2Fv2%2Fcomments&post=81"}],"version-history":[{"count":2,"href":"https:\/\/praxis-fleischhacker.de\/index.php?rest_route=\/wp\/v2\/pages\/81\/revisions"}],"predecessor-version":[{"id":91,"href":"https:\/\/praxis-fleischhacker.de\/index.php?rest_route=\/wp\/v2\/pages\/81\/revisions\/91"}],"wp:attachment":[{"href":"https:\/\/praxis-fleischhacker.de\/index.php?rest_route=%2Fwp%2Fv2%2Fmedia&parent=81"}],"curies":[{"name":"wp","href":"https:\/\/api.w.org\/{rel}","templated":true}]}}