{"id":87,"date":"2020-11-29T17:54:35","date_gmt":"2020-11-29T17:54:35","guid":{"rendered":"https:\/\/praxis-fleischhacker.de\/?page_id=87"},"modified":"2020-12-01T09:38:28","modified_gmt":"2020-12-01T09:38:28","slug":"ernaehrungsmedizin","status":"publish","type":"page","link":"https:\/\/praxis-fleischhacker.de\/?page_id=87","title":{"rendered":"Ern\u00e4hrungsmedizin"},"content":{"rendered":"\n<div class=\"wp-block-image\"><figure class=\"aligncenter size-large\"><img loading=\"lazy\" decoding=\"async\" width=\"300\" height=\"300\" src=\"https:\/\/praxis-fleischhacker.de\/wp-content\/uploads\/2020\/11\/familiy01.jpg\" alt=\"\" class=\"wp-image-88\" srcset=\"https:\/\/praxis-fleischhacker.de\/wp-content\/uploads\/2020\/11\/familiy01.jpg 300w, https:\/\/praxis-fleischhacker.de\/wp-content\/uploads\/2020\/11\/familiy01-150x150.jpg 150w\" sizes=\"auto, (max-width: 300px) 100vw, 300px\" \/><\/figure><\/div>\n\n\n\n<p>Die Ern\u00e4hrungsmedizin ist ein nicht zu untersch\u00e4tzender Faktor zur schnelleren Genesung oder auch zur Gesunderhaltung durch Pr\u00e4vention. Erkrankungen, deren Ursache sowie deren Verlauf, k\u00f6nnen durch eine Ver\u00e4nderung Ihrer Ess- und Trinkgewohnheiten positiv beeinflusst werden.<\/p>\n\n\n\n<p>Dazu geh\u00f6ren unter anderem \u00dcbergewicht und Adipositas, Nahrungsmittelallergien, Nahrungsmittelunvertr\u00e4glichkeiten, Diabetes und Tumorerkrankungen.<\/p>\n\n\n\n<p>Die Anwendung moderner Erkenntnisse der Ern\u00e4hrungsmedizin sind ein Grundbaustein meiner Beratung. Dazu werden nach Analyse des Ern\u00e4hrungsverhaltens und unter Ber\u00fccksichtigung des ern\u00e4hrungsspezifischen Grundproblemes individuelle Ern\u00e4hrungspl\u00e4ne erstellt.<\/p>\n","protected":false},"excerpt":{"rendered":"<p>Die Ern\u00e4hrungsmedizin ist ein nicht zu untersch\u00e4tzender Faktor zur schnelleren Genesung oder auch zur Gesunderhaltung durch Pr\u00e4vention. Erkrankungen, deren Ursache sowie deren Verlauf, k\u00f6nnen durch eine Ver\u00e4nderung Ihrer Ess- und Trinkgewohnheiten positiv beeinflusst werden. Dazu geh\u00f6ren unter anderem \u00dcbergewicht und Adipositas, Nahrungsmittelallergien, Nahrungsmittelunvertr\u00e4glichkeiten, Diabetes und Tumorerkrankungen. Die Anwendung moderner Erkenntnisse der Ern\u00e4hrungsmedizin sind ein Grundbaustein [&hellip;]<\/p>\n","protected":false},"author":1,"featured_media":0,"parent":0,"menu_order":0,"comment_status":"closed","ping_status":"closed","template":"","meta":{"footnotes":""},"class_list":["post-87","page","type-page","status-publish","hentry"],"yoast_head":"<!-- This site is optimized with the Yoast SEO plugin v27.1.1 - https:\/\/yoast.com\/product\/yoast-seo-wordpress\/ -->\n<title>Ern\u00e4hrungsmedizin - Dr. med. Peter Fleischhacker - Facharzt f\u00fcr Allgemeinmedizin, Akupunktur, Psychotherapie und Ern\u00e4hrungsmedizin<\/title>\n<meta name=\"description\" content=\"Die Ern\u00e4hrungsmedizin ist ein nicht zu untersch\u00e4tzender Faktor zur schnelleren Genesung oder auch zur Gesunderhaltung durch Pr\u00e4vention.\" \/>\n<meta name=\"robots\" content=\"index, follow, max-snippet:-1, max-image-preview:large, max-video-preview:-1\" \/>\n<link rel=\"canonical\" href=\"https:\/\/praxis-fleischhacker.de\/?page_id=87\" \/>\n<meta property=\"og:locale\" content=\"de_DE\" \/>\n<meta property=\"og:type\" content=\"article\" \/>\n<meta property=\"og:title\" content=\"Ern\u00e4hrungsmedizin - Dr. med. Peter Fleischhacker - Facharzt f\u00fcr Allgemeinmedizin, Akupunktur, Psychotherapie und Ern\u00e4hrungsmedizin\" \/>\n<meta property=\"og:description\" content=\"Die Ern\u00e4hrungsmedizin ist ein nicht zu untersch\u00e4tzender Faktor zur schnelleren Genesung oder auch zur Gesunderhaltung durch Pr\u00e4vention.\" \/>\n<meta property=\"og:url\" content=\"https:\/\/praxis-fleischhacker.de\/?page_id=87\" \/>\n<meta property=\"og:site_name\" content=\"Dr. med. Peter Fleischhacker - Facharzt f\u00fcr Allgemeinmedizin, Akupunktur, Psychotherapie und Ern\u00e4hrungsmedizin\" \/>\n<meta property=\"article:modified_time\" content=\"2020-12-01T09:38:28+00:00\" \/>\n<meta property=\"og:image\" content=\"https:\/\/praxis-fleischhacker.de\/wp-content\/uploads\/2020\/11\/familiy01.jpg\" \/>\n<meta name=\"twitter:card\" content=\"summary_large_image\" \/>\n<script type=\"application\/ld+json\" class=\"yoast-schema-graph\">{\"@context\":\"https:\/\/schema.org\",\"@graph\":[{\"@type\":\"WebPage\",\"@id\":\"https:\/\/praxis-fleischhacker.de\/?page_id=87\",\"url\":\"https:\/\/praxis-fleischhacker.de\/?page_id=87\",\"name\":\"Ern\u00e4hrungsmedizin - Dr. med. Peter Fleischhacker - Facharzt f\u00fcr Allgemeinmedizin, Akupunktur, Psychotherapie und Ern\u00e4hrungsmedizin\",\"isPartOf\":{\"@id\":\"https:\/\/praxis-fleischhacker.de\/#website\"},\"primaryImageOfPage\":{\"@id\":\"https:\/\/praxis-fleischhacker.de\/?page_id=87#primaryimage\"},\"image\":{\"@id\":\"https:\/\/praxis-fleischhacker.de\/?page_id=87#primaryimage\"},\"thumbnailUrl\":\"https:\/\/praxis-fleischhacker.de\/wp-content\/uploads\/2020\/11\/familiy01.jpg\",\"datePublished\":\"2020-11-29T17:54:35+00:00\",\"dateModified\":\"2020-12-01T09:38:28+00:00\",\"description\":\"Die Ern\u00e4hrungsmedizin ist ein nicht zu untersch\u00e4tzender Faktor zur schnelleren Genesung oder auch zur Gesunderhaltung durch Pr\u00e4vention.\",\"breadcrumb\":{\"@id\":\"https:\/\/praxis-fleischhacker.de\/?page_id=87#breadcrumb\"},\"inLanguage\":\"de\",\"potentialAction\":[{\"@type\":\"ReadAction\",\"target\":[\"https:\/\/praxis-fleischhacker.de\/?page_id=87\"]}]},{\"@type\":\"ImageObject\",\"inLanguage\":\"de\",\"@id\":\"https:\/\/praxis-fleischhacker.de\/?page_id=87#primaryimage\",\"url\":\"https:\/\/praxis-fleischhacker.de\/wp-content\/uploads\/2020\/11\/familiy01.jpg\",\"contentUrl\":\"https:\/\/praxis-fleischhacker.de\/wp-content\/uploads\/2020\/11\/familiy01.jpg\",\"width\":300,\"height\":300},{\"@type\":\"BreadcrumbList\",\"@id\":\"https:\/\/praxis-fleischhacker.de\/?page_id=87#breadcrumb\",\"itemListElement\":[{\"@type\":\"ListItem\",\"position\":1,\"name\":\"Startseite\",\"item\":\"https:\/\/praxis-fleischhacker.de\/\"},{\"@type\":\"ListItem\",\"position\":2,\"name\":\"Ern\u00e4hrungsmedizin\"}]},{\"@type\":\"WebSite\",\"@id\":\"https:\/\/praxis-fleischhacker.de\/#website\",\"url\":\"https:\/\/praxis-fleischhacker.de\/\",\"name\":\"Dr. med. Peter Fleischhacker - Facharzt f\u00fcr Allgemeinmedizin, Akupunktur, Psychotherapie und Ern\u00e4hrungsmedizin\",\"description\":\"\",\"publisher\":{\"@id\":\"https:\/\/praxis-fleischhacker.de\/#organization\"},\"potentialAction\":[{\"@type\":\"SearchAction\",\"target\":{\"@type\":\"EntryPoint\",\"urlTemplate\":\"https:\/\/praxis-fleischhacker.de\/?s={search_term_string}\"},\"query-input\":{\"@type\":\"PropertyValueSpecification\",\"valueRequired\":true,\"valueName\":\"search_term_string\"}}],\"inLanguage\":\"de\"},{\"@type\":\"Organization\",\"@id\":\"https:\/\/praxis-fleischhacker.de\/#organization\",\"name\":\"Dr. med. Peter Fleischhacker - Facharzt f\u00fcr Allgemeinmedizin, Akupunktur, Psychotherapie und Ern\u00e4hrungsmedizin\",\"url\":\"https:\/\/praxis-fleischhacker.de\/\",\"logo\":{\"@type\":\"ImageObject\",\"inLanguage\":\"de\",\"@id\":\"https:\/\/praxis-fleischhacker.de\/#\/schema\/logo\/image\/\",\"url\":\"https:\/\/praxis-fleischhacker.de\/wp-content\/uploads\/2020\/11\/logo_linksoben3.gif\",\"contentUrl\":\"https:\/\/praxis-fleischhacker.de\/wp-content\/uploads\/2020\/11\/logo_linksoben3.gif\",\"width\":595,\"height\":138,\"caption\":\"Dr. med. Peter Fleischhacker - Facharzt f\u00fcr Allgemeinmedizin, Akupunktur, Psychotherapie und Ern\u00e4hrungsmedizin\"},\"image\":{\"@id\":\"https:\/\/praxis-fleischhacker.de\/#\/schema\/logo\/image\/\"}}]}<\/script>\n<!-- \/ Yoast SEO plugin. -->","yoast_head_json":{"title":"Ern\u00e4hrungsmedizin - Dr. med. Peter Fleischhacker - Facharzt f\u00fcr Allgemeinmedizin, Akupunktur, Psychotherapie und Ern\u00e4hrungsmedizin","description":"Die Ern\u00e4hrungsmedizin ist ein nicht zu untersch\u00e4tzender Faktor zur schnelleren Genesung oder auch zur Gesunderhaltung durch Pr\u00e4vention.","robots":{"index":"index","follow":"follow","max-snippet":"max-snippet:-1","max-image-preview":"max-image-preview:large","max-video-preview":"max-video-preview:-1"},"canonical":"https:\/\/praxis-fleischhacker.de\/?page_id=87","og_locale":"de_DE","og_type":"article","og_title":"Ern\u00e4hrungsmedizin - Dr. med. Peter Fleischhacker - Facharzt f\u00fcr Allgemeinmedizin, Akupunktur, Psychotherapie und Ern\u00e4hrungsmedizin","og_description":"Die Ern\u00e4hrungsmedizin ist ein nicht zu untersch\u00e4tzender Faktor zur schnelleren Genesung oder auch zur Gesunderhaltung durch Pr\u00e4vention.","og_url":"https:\/\/praxis-fleischhacker.de\/?page_id=87","og_site_name":"Dr. med. Peter Fleischhacker - Facharzt f\u00fcr Allgemeinmedizin, Akupunktur, Psychotherapie und Ern\u00e4hrungsmedizin","article_modified_time":"2020-12-01T09:38:28+00:00","og_image":[{"url":"https:\/\/praxis-fleischhacker.de\/wp-content\/uploads\/2020\/11\/familiy01.jpg","type":"","width":"","height":""}],"twitter_card":"summary_large_image","schema":{"@context":"https:\/\/schema.org","@graph":[{"@type":"WebPage","@id":"https:\/\/praxis-fleischhacker.de\/?page_id=87","url":"https:\/\/praxis-fleischhacker.de\/?page_id=87","name":"Ern\u00e4hrungsmedizin - Dr. med. Peter Fleischhacker - Facharzt f\u00fcr Allgemeinmedizin, Akupunktur, Psychotherapie und Ern\u00e4hrungsmedizin","isPartOf":{"@id":"https:\/\/praxis-fleischhacker.de\/#website"},"primaryImageOfPage":{"@id":"https:\/\/praxis-fleischhacker.de\/?page_id=87#primaryimage"},"image":{"@id":"https:\/\/praxis-fleischhacker.de\/?page_id=87#primaryimage"},"thumbnailUrl":"https:\/\/praxis-fleischhacker.de\/wp-content\/uploads\/2020\/11\/familiy01.jpg","datePublished":"2020-11-29T17:54:35+00:00","dateModified":"2020-12-01T09:38:28+00:00","description":"Die Ern\u00e4hrungsmedizin ist ein nicht zu untersch\u00e4tzender Faktor zur schnelleren Genesung oder auch zur Gesunderhaltung durch Pr\u00e4vention.","breadcrumb":{"@id":"https:\/\/praxis-fleischhacker.de\/?page_id=87#breadcrumb"},"inLanguage":"de","potentialAction":[{"@type":"ReadAction","target":["https:\/\/praxis-fleischhacker.de\/?page_id=87"]}]},{"@type":"ImageObject","inLanguage":"de","@id":"https:\/\/praxis-fleischhacker.de\/?page_id=87#primaryimage","url":"https:\/\/praxis-fleischhacker.de\/wp-content\/uploads\/2020\/11\/familiy01.jpg","contentUrl":"https:\/\/praxis-fleischhacker.de\/wp-content\/uploads\/2020\/11\/familiy01.jpg","width":300,"height":300},{"@type":"BreadcrumbList","@id":"https:\/\/praxis-fleischhacker.de\/?page_id=87#breadcrumb","itemListElement":[{"@type":"ListItem","position":1,"name":"Startseite","item":"https:\/\/praxis-fleischhacker.de\/"},{"@type":"ListItem","position":2,"name":"Ern\u00e4hrungsmedizin"}]},{"@type":"WebSite","@id":"https:\/\/praxis-fleischhacker.de\/#website","url":"https:\/\/praxis-fleischhacker.de\/","name":"Dr. med. Peter Fleischhacker - Facharzt f\u00fcr Allgemeinmedizin, Akupunktur, Psychotherapie und Ern\u00e4hrungsmedizin","description":"","publisher":{"@id":"https:\/\/praxis-fleischhacker.de\/#organization"},"potentialAction":[{"@type":"SearchAction","target":{"@type":"EntryPoint","urlTemplate":"https:\/\/praxis-fleischhacker.de\/?s={search_term_string}"},"query-input":{"@type":"PropertyValueSpecification","valueRequired":true,"valueName":"search_term_string"}}],"inLanguage":"de"},{"@type":"Organization","@id":"https:\/\/praxis-fleischhacker.de\/#organization","name":"Dr. med. Peter Fleischhacker - Facharzt f\u00fcr Allgemeinmedizin, Akupunktur, Psychotherapie und Ern\u00e4hrungsmedizin","url":"https:\/\/praxis-fleischhacker.de\/","logo":{"@type":"ImageObject","inLanguage":"de","@id":"https:\/\/praxis-fleischhacker.de\/#\/schema\/logo\/image\/","url":"https:\/\/praxis-fleischhacker.de\/wp-content\/uploads\/2020\/11\/logo_linksoben3.gif","contentUrl":"https:\/\/praxis-fleischhacker.de\/wp-content\/uploads\/2020\/11\/logo_linksoben3.gif","width":595,"height":138,"caption":"Dr. med. Peter Fleischhacker - Facharzt f\u00fcr Allgemeinmedizin, Akupunktur, Psychotherapie und Ern\u00e4hrungsmedizin"},"image":{"@id":"https:\/\/praxis-fleischhacker.de\/#\/schema\/logo\/image\/"}}]}},"_links":{"self":[{"href":"https:\/\/praxis-fleischhacker.de\/index.php?rest_route=\/wp\/v2\/pages\/87","targetHints":{"allow":["GET"]}}],"collection":[{"href":"https:\/\/praxis-fleischhacker.de\/index.php?rest_route=\/wp\/v2\/pages"}],"about":[{"href":"https:\/\/praxis-fleischhacker.de\/index.php?rest_route=\/wp\/v2\/types\/page"}],"author":[{"embeddable":true,"href":"https:\/\/praxis-fleischhacker.de\/index.php?rest_route=\/wp\/v2\/users\/1"}],"replies":[{"embeddable":true,"href":"https:\/\/praxis-fleischhacker.de\/index.php?rest_route=%2Fwp%2Fv2%2Fcomments&post=87"}],"version-history":[{"count":2,"href":"https:\/\/praxis-fleischhacker.de\/index.php?rest_route=\/wp\/v2\/pages\/87\/revisions"}],"predecessor-version":[{"id":165,"href":"https:\/\/praxis-fleischhacker.de\/index.php?rest_route=\/wp\/v2\/pages\/87\/revisions\/165"}],"wp:attachment":[{"href":"https:\/\/praxis-fleischhacker.de\/index.php?rest_route=%2Fwp%2Fv2%2Fmedia&parent=87"}],"curies":[{"name":"wp","href":"https:\/\/api.w.org\/{rel}","templated":true}]}}