{"id":92,"date":"2020-11-29T17:56:08","date_gmt":"2020-11-29T17:56:08","guid":{"rendered":"https:\/\/praxis-fleischhacker.de\/?page_id=92"},"modified":"2020-12-01T09:36:31","modified_gmt":"2020-12-01T09:36:31","slug":"sexualmedizin","status":"publish","type":"page","link":"https:\/\/praxis-fleischhacker.de\/?page_id=92","title":{"rendered":"Sexualmedizin"},"content":{"rendered":"\n<div class=\"wp-block-image\"><figure class=\"aligncenter size-large\"><img loading=\"lazy\" decoding=\"async\" width=\"300\" height=\"300\" src=\"https:\/\/praxis-fleischhacker.de\/wp-content\/uploads\/2020\/11\/stherapie2.jpg\" alt=\"\" class=\"wp-image-154\" srcset=\"https:\/\/praxis-fleischhacker.de\/wp-content\/uploads\/2020\/11\/stherapie2.jpg 300w, https:\/\/praxis-fleischhacker.de\/wp-content\/uploads\/2020\/11\/stherapie2-150x150.jpg 150w\" sizes=\"auto, (max-width: 300px) 100vw, 300px\" \/><\/figure><\/div>\n\n\n\n<p>Seit Jahren behandle ich Patientinnen und Patienten mit sexualmedizinischen Problemen, u.a.:<\/p>\n\n\n\n<ul class=\"wp-block-list\"><li>Sexuelle Funktionsst\u00f6rungen des Mannes und der Frau, z.B. sexuelle Appetenzst\u00f6rungen, Erektionsst\u00f6rungen, Orgasmusst\u00f6rungen oder Probleme beim Geschlechtsverkehr.<\/li><li>Sexuelle Pr\u00e4ferenzsst\u00f6rungen wie z.B. Fetischismus, Sadomasochismus oder Exhibitionismus.<\/li><li>Geschlechtsidentit\u00e4tsst\u00f6rungen, d.h. Transsexualit\u00e4t, Transvestitismus.<\/li><li>Probleme beim Coming-out bzw. der Suche nach der sexuellen Identit\u00e4t.<\/li><li>Psychosexuelle Probleme der Intersexualit\u00e4t.<\/li><\/ul>\n\n\n\n<p>Die Behandlung erfolgt zun\u00e4chst in Form von Einzeltherapiegespr\u00e4chen, in der laufenden Behandlung dann auch ggf. mit Einbezug des Partners bzw. der Partnerin. Sofern notwendig, erfolgt in bestimmten Behandlungssituationen eine zus\u00e4tzliche medikament\u00f6se Behandlung, ggf. auch eine Kooperation mit anderen medizinischen Fachdisziplinen wie der Gyn\u00e4kologie oder auch der Urologie.<\/p>\n","protected":false},"excerpt":{"rendered":"<p>Seit Jahren behandle ich Patientinnen und Patienten mit sexualmedizinischen Problemen, u.a.: Sexuelle Funktionsst\u00f6rungen des Mannes und der Frau, z.B. sexuelle Appetenzst\u00f6rungen, Erektionsst\u00f6rungen, Orgasmusst\u00f6rungen oder Probleme beim Geschlechtsverkehr. Sexuelle Pr\u00e4ferenzsst\u00f6rungen wie z.B. Fetischismus, Sadomasochismus oder Exhibitionismus. Geschlechtsidentit\u00e4tsst\u00f6rungen, d.h. Transsexualit\u00e4t, Transvestitismus. Probleme beim Coming-out bzw. der Suche nach der sexuellen Identit\u00e4t. Psychosexuelle Probleme der Intersexualit\u00e4t. Die Behandlung [&hellip;]<\/p>\n","protected":false},"author":1,"featured_media":0,"parent":0,"menu_order":0,"comment_status":"closed","ping_status":"closed","template":"","meta":{"footnotes":""},"class_list":["post-92","page","type-page","status-publish","hentry"],"yoast_head":"<!-- This site is optimized with the Yoast SEO plugin v27.1.1 - https:\/\/yoast.com\/product\/yoast-seo-wordpress\/ -->\n<title>Sexualmedizin - Dr. med. Peter Fleischhacker - Facharzt f\u00fcr Allgemeinmedizin, Akupunktur, Psychotherapie und Ern\u00e4hrungsmedizin<\/title>\n<meta name=\"description\" content=\"Behandelt werden Patientinnen und Patienten mit sexualmedizinischen Problemen\" \/>\n<meta name=\"robots\" content=\"index, follow, max-snippet:-1, max-image-preview:large, max-video-preview:-1\" \/>\n<link rel=\"canonical\" href=\"https:\/\/praxis-fleischhacker.de\/?page_id=92\" \/>\n<meta property=\"og:locale\" content=\"de_DE\" \/>\n<meta property=\"og:type\" content=\"article\" \/>\n<meta property=\"og:title\" content=\"Sexualmedizin - Dr. med. Peter Fleischhacker - Facharzt f\u00fcr Allgemeinmedizin, Akupunktur, Psychotherapie und Ern\u00e4hrungsmedizin\" \/>\n<meta property=\"og:description\" content=\"Behandelt werden Patientinnen und Patienten mit sexualmedizinischen Problemen\" \/>\n<meta property=\"og:url\" content=\"https:\/\/praxis-fleischhacker.de\/?page_id=92\" \/>\n<meta property=\"og:site_name\" content=\"Dr. med. Peter Fleischhacker - Facharzt f\u00fcr Allgemeinmedizin, Akupunktur, Psychotherapie und Ern\u00e4hrungsmedizin\" \/>\n<meta property=\"article:modified_time\" content=\"2020-12-01T09:36:31+00:00\" \/>\n<meta property=\"og:image\" content=\"https:\/\/praxis-fleischhacker.de\/wp-content\/uploads\/2020\/11\/stherapie2.jpg\" \/>\n<meta name=\"twitter:card\" content=\"summary_large_image\" \/>\n<meta name=\"twitter:label1\" content=\"Gesch\u00e4tzte Lesezeit\" \/>\n\t<meta name=\"twitter:data1\" content=\"1\u00a0Minute\" \/>\n<script type=\"application\/ld+json\" class=\"yoast-schema-graph\">{\"@context\":\"https:\/\/schema.org\",\"@graph\":[{\"@type\":\"WebPage\",\"@id\":\"https:\/\/praxis-fleischhacker.de\/?page_id=92\",\"url\":\"https:\/\/praxis-fleischhacker.de\/?page_id=92\",\"name\":\"Sexualmedizin - Dr. med. Peter Fleischhacker - Facharzt f\u00fcr Allgemeinmedizin, Akupunktur, Psychotherapie und Ern\u00e4hrungsmedizin\",\"isPartOf\":{\"@id\":\"https:\/\/praxis-fleischhacker.de\/#website\"},\"primaryImageOfPage\":{\"@id\":\"https:\/\/praxis-fleischhacker.de\/?page_id=92#primaryimage\"},\"image\":{\"@id\":\"https:\/\/praxis-fleischhacker.de\/?page_id=92#primaryimage\"},\"thumbnailUrl\":\"https:\/\/praxis-fleischhacker.de\/wp-content\/uploads\/2020\/11\/stherapie2.jpg\",\"datePublished\":\"2020-11-29T17:56:08+00:00\",\"dateModified\":\"2020-12-01T09:36:31+00:00\",\"description\":\"Behandelt werden Patientinnen und Patienten mit sexualmedizinischen Problemen\",\"breadcrumb\":{\"@id\":\"https:\/\/praxis-fleischhacker.de\/?page_id=92#breadcrumb\"},\"inLanguage\":\"de\",\"potentialAction\":[{\"@type\":\"ReadAction\",\"target\":[\"https:\/\/praxis-fleischhacker.de\/?page_id=92\"]}]},{\"@type\":\"ImageObject\",\"inLanguage\":\"de\",\"@id\":\"https:\/\/praxis-fleischhacker.de\/?page_id=92#primaryimage\",\"url\":\"https:\/\/praxis-fleischhacker.de\/wp-content\/uploads\/2020\/11\/stherapie2.jpg\",\"contentUrl\":\"https:\/\/praxis-fleischhacker.de\/wp-content\/uploads\/2020\/11\/stherapie2.jpg\",\"width\":300,\"height\":300,\"caption\":\"SSUCv3H4sIAAAAAAAEAJ2Ry27DIBBF95X6DxZrWzLxu78SdcFj5IzimApwqijyvxeMkWbdHfdcZpg7vD8\/ioJJ4VCxr+IdVdC4LJvzVng0a8B1eXLQ6I1FsUQY2X44zHnhNwcutjiREh7mcDfBsz6\/c026yMZhhopgMVYS5jZ5sIz28t+V6fCdo4gZVvU6BiZBLCwgUpBrusruvx7sg0Z7ogZDtNg0GpLyaZRYYkFDOv9YVLjOpMz4G1i6s\"},{\"@type\":\"BreadcrumbList\",\"@id\":\"https:\/\/praxis-fleischhacker.de\/?page_id=92#breadcrumb\",\"itemListElement\":[{\"@type\":\"ListItem\",\"position\":1,\"name\":\"Startseite\",\"item\":\"https:\/\/praxis-fleischhacker.de\/\"},{\"@type\":\"ListItem\",\"position\":2,\"name\":\"Sexualmedizin\"}]},{\"@type\":\"WebSite\",\"@id\":\"https:\/\/praxis-fleischhacker.de\/#website\",\"url\":\"https:\/\/praxis-fleischhacker.de\/\",\"name\":\"Dr. med. Peter Fleischhacker - Facharzt f\u00fcr Allgemeinmedizin, Akupunktur, Psychotherapie und Ern\u00e4hrungsmedizin\",\"description\":\"\",\"publisher\":{\"@id\":\"https:\/\/praxis-fleischhacker.de\/#organization\"},\"potentialAction\":[{\"@type\":\"SearchAction\",\"target\":{\"@type\":\"EntryPoint\",\"urlTemplate\":\"https:\/\/praxis-fleischhacker.de\/?s={search_term_string}\"},\"query-input\":{\"@type\":\"PropertyValueSpecification\",\"valueRequired\":true,\"valueName\":\"search_term_string\"}}],\"inLanguage\":\"de\"},{\"@type\":\"Organization\",\"@id\":\"https:\/\/praxis-fleischhacker.de\/#organization\",\"name\":\"Dr. med. Peter Fleischhacker - Facharzt f\u00fcr Allgemeinmedizin, Akupunktur, Psychotherapie und Ern\u00e4hrungsmedizin\",\"url\":\"https:\/\/praxis-fleischhacker.de\/\",\"logo\":{\"@type\":\"ImageObject\",\"inLanguage\":\"de\",\"@id\":\"https:\/\/praxis-fleischhacker.de\/#\/schema\/logo\/image\/\",\"url\":\"https:\/\/praxis-fleischhacker.de\/wp-content\/uploads\/2020\/11\/logo_linksoben3.gif\",\"contentUrl\":\"https:\/\/praxis-fleischhacker.de\/wp-content\/uploads\/2020\/11\/logo_linksoben3.gif\",\"width\":595,\"height\":138,\"caption\":\"Dr. med. Peter Fleischhacker - Facharzt f\u00fcr Allgemeinmedizin, Akupunktur, Psychotherapie und Ern\u00e4hrungsmedizin\"},\"image\":{\"@id\":\"https:\/\/praxis-fleischhacker.de\/#\/schema\/logo\/image\/\"}}]}<\/script>\n<!-- \/ Yoast SEO plugin. -->","yoast_head_json":{"title":"Sexualmedizin - Dr. med. Peter Fleischhacker - Facharzt f\u00fcr Allgemeinmedizin, Akupunktur, Psychotherapie und Ern\u00e4hrungsmedizin","description":"Behandelt werden Patientinnen und Patienten mit sexualmedizinischen Problemen","robots":{"index":"index","follow":"follow","max-snippet":"max-snippet:-1","max-image-preview":"max-image-preview:large","max-video-preview":"max-video-preview:-1"},"canonical":"https:\/\/praxis-fleischhacker.de\/?page_id=92","og_locale":"de_DE","og_type":"article","og_title":"Sexualmedizin - Dr. med. Peter Fleischhacker - Facharzt f\u00fcr Allgemeinmedizin, Akupunktur, Psychotherapie und Ern\u00e4hrungsmedizin","og_description":"Behandelt werden Patientinnen und Patienten mit sexualmedizinischen Problemen","og_url":"https:\/\/praxis-fleischhacker.de\/?page_id=92","og_site_name":"Dr. med. Peter Fleischhacker - Facharzt f\u00fcr Allgemeinmedizin, Akupunktur, Psychotherapie und Ern\u00e4hrungsmedizin","article_modified_time":"2020-12-01T09:36:31+00:00","og_image":[{"url":"https:\/\/praxis-fleischhacker.de\/wp-content\/uploads\/2020\/11\/stherapie2.jpg","type":"","width":"","height":""}],"twitter_card":"summary_large_image","twitter_misc":{"Gesch\u00e4tzte Lesezeit":"1\u00a0Minute"},"schema":{"@context":"https:\/\/schema.org","@graph":[{"@type":"WebPage","@id":"https:\/\/praxis-fleischhacker.de\/?page_id=92","url":"https:\/\/praxis-fleischhacker.de\/?page_id=92","name":"Sexualmedizin - Dr. med. Peter Fleischhacker - Facharzt f\u00fcr Allgemeinmedizin, Akupunktur, Psychotherapie und Ern\u00e4hrungsmedizin","isPartOf":{"@id":"https:\/\/praxis-fleischhacker.de\/#website"},"primaryImageOfPage":{"@id":"https:\/\/praxis-fleischhacker.de\/?page_id=92#primaryimage"},"image":{"@id":"https:\/\/praxis-fleischhacker.de\/?page_id=92#primaryimage"},"thumbnailUrl":"https:\/\/praxis-fleischhacker.de\/wp-content\/uploads\/2020\/11\/stherapie2.jpg","datePublished":"2020-11-29T17:56:08+00:00","dateModified":"2020-12-01T09:36:31+00:00","description":"Behandelt werden Patientinnen und Patienten mit sexualmedizinischen Problemen","breadcrumb":{"@id":"https:\/\/praxis-fleischhacker.de\/?page_id=92#breadcrumb"},"inLanguage":"de","potentialAction":[{"@type":"ReadAction","target":["https:\/\/praxis-fleischhacker.de\/?page_id=92"]}]},{"@type":"ImageObject","inLanguage":"de","@id":"https:\/\/praxis-fleischhacker.de\/?page_id=92#primaryimage","url":"https:\/\/praxis-fleischhacker.de\/wp-content\/uploads\/2020\/11\/stherapie2.jpg","contentUrl":"https:\/\/praxis-fleischhacker.de\/wp-content\/uploads\/2020\/11\/stherapie2.jpg","width":300,"height":300,"caption":"SSUCv3H4sIAAAAAAAEAJ2Ry27DIBBF95X6DxZrWzLxu78SdcFj5IzimApwqijyvxeMkWbdHfdcZpg7vD8\/ioJJ4VCxr+IdVdC4LJvzVng0a8B1eXLQ6I1FsUQY2X44zHnhNwcutjiREh7mcDfBsz6\/c026yMZhhopgMVYS5jZ5sIz28t+V6fCdo4gZVvU6BiZBLCwgUpBrusruvx7sg0Z7ogZDtNg0GpLyaZRYYkFDOv9YVLjOpMz4G1i6s"},{"@type":"BreadcrumbList","@id":"https:\/\/praxis-fleischhacker.de\/?page_id=92#breadcrumb","itemListElement":[{"@type":"ListItem","position":1,"name":"Startseite","item":"https:\/\/praxis-fleischhacker.de\/"},{"@type":"ListItem","position":2,"name":"Sexualmedizin"}]},{"@type":"WebSite","@id":"https:\/\/praxis-fleischhacker.de\/#website","url":"https:\/\/praxis-fleischhacker.de\/","name":"Dr. med. Peter Fleischhacker - Facharzt f\u00fcr Allgemeinmedizin, Akupunktur, Psychotherapie und Ern\u00e4hrungsmedizin","description":"","publisher":{"@id":"https:\/\/praxis-fleischhacker.de\/#organization"},"potentialAction":[{"@type":"SearchAction","target":{"@type":"EntryPoint","urlTemplate":"https:\/\/praxis-fleischhacker.de\/?s={search_term_string}"},"query-input":{"@type":"PropertyValueSpecification","valueRequired":true,"valueName":"search_term_string"}}],"inLanguage":"de"},{"@type":"Organization","@id":"https:\/\/praxis-fleischhacker.de\/#organization","name":"Dr. med. Peter Fleischhacker - Facharzt f\u00fcr Allgemeinmedizin, Akupunktur, Psychotherapie und Ern\u00e4hrungsmedizin","url":"https:\/\/praxis-fleischhacker.de\/","logo":{"@type":"ImageObject","inLanguage":"de","@id":"https:\/\/praxis-fleischhacker.de\/#\/schema\/logo\/image\/","url":"https:\/\/praxis-fleischhacker.de\/wp-content\/uploads\/2020\/11\/logo_linksoben3.gif","contentUrl":"https:\/\/praxis-fleischhacker.de\/wp-content\/uploads\/2020\/11\/logo_linksoben3.gif","width":595,"height":138,"caption":"Dr. med. Peter Fleischhacker - Facharzt f\u00fcr Allgemeinmedizin, Akupunktur, Psychotherapie und Ern\u00e4hrungsmedizin"},"image":{"@id":"https:\/\/praxis-fleischhacker.de\/#\/schema\/logo\/image\/"}}]}},"_links":{"self":[{"href":"https:\/\/praxis-fleischhacker.de\/index.php?rest_route=\/wp\/v2\/pages\/92","targetHints":{"allow":["GET"]}}],"collection":[{"href":"https:\/\/praxis-fleischhacker.de\/index.php?rest_route=\/wp\/v2\/pages"}],"about":[{"href":"https:\/\/praxis-fleischhacker.de\/index.php?rest_route=\/wp\/v2\/types\/page"}],"author":[{"embeddable":true,"href":"https:\/\/praxis-fleischhacker.de\/index.php?rest_route=\/wp\/v2\/users\/1"}],"replies":[{"embeddable":true,"href":"https:\/\/praxis-fleischhacker.de\/index.php?rest_route=%2Fwp%2Fv2%2Fcomments&post=92"}],"version-history":[{"count":4,"href":"https:\/\/praxis-fleischhacker.de\/index.php?rest_route=\/wp\/v2\/pages\/92\/revisions"}],"predecessor-version":[{"id":164,"href":"https:\/\/praxis-fleischhacker.de\/index.php?rest_route=\/wp\/v2\/pages\/92\/revisions\/164"}],"wp:attachment":[{"href":"https:\/\/praxis-fleischhacker.de\/index.php?rest_route=%2Fwp%2Fv2%2Fmedia&parent=92"}],"curies":[{"name":"wp","href":"https:\/\/api.w.org\/{rel}","templated":true}]}}