{"id":95,"date":"2020-11-29T17:58:22","date_gmt":"2020-11-29T17:58:22","guid":{"rendered":"https:\/\/praxis-fleischhacker.de\/?page_id=95"},"modified":"2025-12-03T16:16:01","modified_gmt":"2025-12-03T16:16:01","slug":"kontakt","status":"publish","type":"page","link":"https:\/\/praxis-fleischhacker.de\/?page_id=95","title":{"rendered":"Kontakt"},"content":{"rendered":"<div class=\"wp-block-image\">\n<figure class=\"aligncenter size-large\"><img loading=\"lazy\" decoding=\"async\" width=\"300\" height=\"300\" src=\"https:\/\/praxis-fleischhacker.de\/wp-content\/uploads\/2020\/11\/kontakt.jpg\" alt=\"\" class=\"wp-image-94\" srcset=\"https:\/\/praxis-fleischhacker.de\/wp-content\/uploads\/2020\/11\/kontakt.jpg 300w, https:\/\/praxis-fleischhacker.de\/wp-content\/uploads\/2020\/11\/kontakt-150x150.jpg 150w\" sizes=\"auto, (max-width: 300px) 100vw, 300px\" \/><\/figure>\n<\/div>\n\n\n<p><strong>Praxisadresse:<\/strong><br>Neumarkt 14<br>49477 Ibbenb\u00fcren<\/p>\n\n\n\n<p>Telefon: 05451. 962132<br>E-Mail: info\/@\/praxis-fleischhacker.de<br><sup>(Bitte &#8222;\/&#8220; entfernen)<\/sup><\/p>\n\n\n\n<p><strong>Sprechstundenzeiten:<\/strong><br>Montag<br>08:00 &#8211; 12:00 und 15:00 &#8211; 17:00 Uhr<br>Dienstag<br>08:00 &#8211; 12:00 und 15:00 &#8211; 17:00 Uhr<br>Mittwoch<br>08:00 &#8211; 12:00 Uhr<br>Donnerstag<br>08:00 &#8211; 12:00 und 15:00 &#8211; 17:00 Uhr<br>Freitag<br>08:00 &#8211; 12:00 Uhr<br>sowie nach telefonischer Vereinbarung<\/p>\n\n\n\n<p>Unsere Praxis befindet sich in der ersten Etage des Geb\u00e4udes zur Mitte der Tiefgarage Neumarkt gelegen, direkt oberhalb des mexikanischen Restaurants &#8222;Dos Amigos&#8220; bzw. der Eisdiele &#8222;Sette Bello&#8220;.<\/p>\n\n\n\n<p>Die Praxis ist bequem per Aufzug zu erreichen.<\/p>\n\n\n\n<div style=\"height:42px\" aria-hidden=\"true\" class=\"wp-block-spacer\"><\/div>\n\n\n\n<p><strong>Senden Sie uns eine Nachricht<\/strong><\/p>\n\n\n\n<figure class=\"wp-block-image size-large\"><img loading=\"lazy\" decoding=\"async\" width=\"640\" height=\"200\" src=\"https:\/\/praxis-fleischhacker.de\/wp-content\/uploads\/2020\/11\/businessman-2956974_a.jpg\" alt=\"\" class=\"wp-image-135\" srcset=\"https:\/\/praxis-fleischhacker.de\/wp-content\/uploads\/2020\/11\/businessman-2956974_a.jpg 640w, https:\/\/praxis-fleischhacker.de\/wp-content\/uploads\/2020\/11\/businessman-2956974_a-300x94.jpg 300w\" sizes=\"auto, (max-width: 640px) 100vw, 640px\" \/><\/figure>\n\n\n\n<p>Wir werden uns umgehend zu Ihrem Anliegen mit Ihnen in Verbindung setzen.<\/p>\n\n\n\n<p>Bitte \u00fcberpr\u00fcfen Sie nochmals Ihre Angaben. Zum Absenden Ihrer Anfrage best\u00e4tigen Sie bitte, dass Sie mit der Verwendung und Speicherung Ihrer Daten zur Bearbeitung Ihrer Anfrage einverstanden sind, und klicken abschlie\u00dfend auf den entsprechenden Button. Weitere Informationen zum Datenschutz finden Sie in der <strong><a href=\"https:\/\/praxis-fleischhacker.de\/?page_id=43\" target=\"_blank\" rel=\"noreferrer noopener\">Datenschutzerkl\u00e4rung<\/a><\/strong>.<\/p>\n\n\n<div class=\"wpforms-container wpforms-container-full wpforms-block wpforms-block-0cb3f7b8-bafb-4f91-af82-0b2427ea45fb\" id=\"wpforms-131\"><form id=\"wpforms-form-131\" class=\"wpforms-validate wpforms-form\" data-formid=\"131\" method=\"post\" enctype=\"multipart\/form-data\" action=\"\/index.php?rest_route=%2Fwp%2Fv2%2Fpages%2F95\" data-token=\"9a4e3208fc797c40be6676dbfbe54c95\" data-token-time=\"1775860664\"><noscript class=\"wpforms-error-noscript\">Bitte aktiviere JavaScript in deinem Browser, um dieses Formular fertigzustellen.<\/noscript><div class=\"wpforms-field-container\"><div id=\"wpforms-131-field_0-container\" class=\"wpforms-field wpforms-field-name\" data-field-id=\"0\"><label class=\"wpforms-field-label\">Name <span class=\"wpforms-required-label\">*<\/span><\/label><div class=\"wpforms-field-row wpforms-field-medium\"><div class=\"wpforms-field-row-block wpforms-first wpforms-one-half\"><input type=\"text\" id=\"wpforms-131-field_0\" class=\"wpforms-field-name-first wpforms-field-required\" name=\"wpforms[fields][0][first]\" required><label for=\"wpforms-131-field_0\" class=\"wpforms-field-sublabel after\">Vorname<\/label><\/div><div class=\"wpforms-field-row-block wpforms-one-half\"><input type=\"text\" id=\"wpforms-131-field_0-last\" class=\"wpforms-field-name-last wpforms-field-required\" name=\"wpforms[fields][0][last]\" required><label for=\"wpforms-131-field_0-last\" class=\"wpforms-field-sublabel after\">Nachname<\/label><\/div><\/div><\/div><div id=\"wpforms-131-field_1-container\" class=\"wpforms-field wpforms-field-email\" data-field-id=\"1\"><label class=\"wpforms-field-label\" for=\"wpforms-131-field_1\">E-Mail <span class=\"wpforms-required-label\">*<\/span><\/label><input type=\"email\" id=\"wpforms-131-field_1\" class=\"wpforms-field-medium wpforms-field-required\" name=\"wpforms[fields][1]\" spellcheck=\"false\" required><\/div><div id=\"wpforms-131-field_2-container\" class=\"wpforms-field wpforms-field-textarea\" data-field-id=\"2\"><label class=\"wpforms-field-label\" for=\"wpforms-131-field_2\">Ihr Nachricht <span class=\"wpforms-required-label\">*<\/span><\/label><textarea id=\"wpforms-131-field_2\" class=\"wpforms-field-medium wpforms-field-required\" name=\"wpforms[fields][2]\" required><\/textarea><\/div><div id=\"wpforms-131-field_3-container\" class=\"wpforms-field wpforms-field-gdpr-checkbox\" data-field-id=\"3\"><label class=\"wpforms-field-label\">DSGVO-Einverst\u00e4ndnis <span class=\"wpforms-required-label\">*<\/span><\/label><ul id=\"wpforms-131-field_3\" class=\"wpforms-field-required\"><li class=\"choice-1\"><input type=\"checkbox\" id=\"wpforms-131-field_3_1\" name=\"wpforms[fields][3][]\" value=\"Ich willige ein, dass diese Website meine \u00fcbermittelten Informationen speichert, sodass meine Anfrage beantwortet werden kann.\" required ><label class=\"wpforms-field-label-inline\" for=\"wpforms-131-field_3_1\">Ich willige ein, dass diese Website meine \u00fcbermittelten Informationen speichert, sodass meine Anfrage beantwortet werden kann.<\/label><\/li><\/ul><\/div><\/div><!-- .wpforms-field-container --><div class=\"wpforms-submit-container\" ><input type=\"hidden\" name=\"wpforms[id]\" value=\"131\"><input type=\"hidden\" name=\"page_title\" value=\"\"><input type=\"hidden\" name=\"page_url\" value=\"https:\/\/praxis-fleischhacker.de\/index.php?rest_route=\/wp\/v2\/pages\/95\"><input type=\"hidden\" name=\"url_referer\" value=\"\"><button type=\"submit\" name=\"wpforms[submit]\" id=\"wpforms-submit-131\" class=\"wpforms-submit\" data-alt-text=\"Senden...\" data-submit-text=\"Absenden\" aria-live=\"assertive\" value=\"wpforms-submit\">Absenden<\/button><\/div><\/form><\/div>  <!-- .wpforms-container -->\n\n\n<p><\/p>\n","protected":false},"excerpt":{"rendered":"<p>Praxisadresse:Neumarkt 1449477 Ibbenb\u00fcren Telefon: 05451. 962132E-Mail: info\/@\/praxis-fleischhacker.de(Bitte &#8222;\/&#8220; entfernen) Sprechstundenzeiten:Montag08:00 &#8211; 12:00 und 15:00 &#8211; 17:00 UhrDienstag08:00 &#8211; 12:00 und 15:00 &#8211; 17:00 UhrMittwoch08:00 &#8211; 12:00 UhrDonnerstag08:00 &#8211; 12:00 und 15:00 &#8211; 17:00 UhrFreitag08:00 &#8211; 12:00 Uhrsowie nach telefonischer Vereinbarung Unsere Praxis befindet sich in der ersten Etage des Geb\u00e4udes zur Mitte der Tiefgarage Neumarkt [&hellip;]<\/p>\n","protected":false},"author":1,"featured_media":0,"parent":0,"menu_order":0,"comment_status":"closed","ping_status":"closed","template":"","meta":{"footnotes":""},"class_list":["post-95","page","type-page","status-publish","hentry"],"yoast_head":"<!-- This site is optimized with the Yoast SEO plugin v27.1.1 - https:\/\/yoast.com\/product\/yoast-seo-wordpress\/ -->\n<title>Kontakt - Dr. med. Peter Fleischhacker - Facharzt f\u00fcr Allgemeinmedizin, Akupunktur, Psychotherapie und Ern\u00e4hrungsmedizin<\/title>\n<meta name=\"description\" content=\"Kontaktm\u00f6glichkeiten der Praxis Dr. Peter Fleischhacker in Ibbenb\u00fcren.\" \/>\n<meta name=\"robots\" content=\"index, follow, max-snippet:-1, max-image-preview:large, max-video-preview:-1\" \/>\n<link rel=\"canonical\" href=\"https:\/\/praxis-fleischhacker.de\/?page_id=95\" \/>\n<meta property=\"og:locale\" content=\"de_DE\" \/>\n<meta property=\"og:type\" content=\"article\" \/>\n<meta property=\"og:title\" content=\"Kontakt - Dr. med. Peter Fleischhacker - Facharzt f\u00fcr Allgemeinmedizin, Akupunktur, Psychotherapie und Ern\u00e4hrungsmedizin\" \/>\n<meta property=\"og:description\" content=\"Kontaktm\u00f6glichkeiten der Praxis Dr. Peter Fleischhacker in Ibbenb\u00fcren.\" \/>\n<meta property=\"og:url\" content=\"https:\/\/praxis-fleischhacker.de\/?page_id=95\" \/>\n<meta property=\"og:site_name\" content=\"Dr. med. Peter Fleischhacker - Facharzt f\u00fcr Allgemeinmedizin, Akupunktur, Psychotherapie und Ern\u00e4hrungsmedizin\" \/>\n<meta property=\"article:modified_time\" content=\"2025-12-03T16:16:01+00:00\" \/>\n<meta property=\"og:image\" content=\"https:\/\/praxis-fleischhacker.de\/wp-content\/uploads\/2020\/11\/kontakt.jpg\" \/>\n\t<meta property=\"og:image:width\" content=\"300\" \/>\n\t<meta property=\"og:image:height\" content=\"300\" \/>\n\t<meta property=\"og:image:type\" content=\"image\/jpeg\" \/>\n<meta name=\"twitter:card\" content=\"summary_large_image\" \/>\n<meta name=\"twitter:label1\" content=\"Gesch\u00e4tzte Lesezeit\" \/>\n\t<meta name=\"twitter:data1\" content=\"2\u00a0Minuten\" \/>\n<script type=\"application\/ld+json\" class=\"yoast-schema-graph\">{\"@context\":\"https:\/\/schema.org\",\"@graph\":[{\"@type\":\"WebPage\",\"@id\":\"https:\/\/praxis-fleischhacker.de\/?page_id=95\",\"url\":\"https:\/\/praxis-fleischhacker.de\/?page_id=95\",\"name\":\"Kontakt - Dr. med. Peter Fleischhacker - Facharzt f\u00fcr Allgemeinmedizin, Akupunktur, Psychotherapie und Ern\u00e4hrungsmedizin\",\"isPartOf\":{\"@id\":\"https:\/\/praxis-fleischhacker.de\/#website\"},\"primaryImageOfPage\":{\"@id\":\"https:\/\/praxis-fleischhacker.de\/?page_id=95#primaryimage\"},\"image\":{\"@id\":\"https:\/\/praxis-fleischhacker.de\/?page_id=95#primaryimage\"},\"thumbnailUrl\":\"https:\/\/praxis-fleischhacker.de\/wp-content\/uploads\/2020\/11\/kontakt.jpg\",\"datePublished\":\"2020-11-29T17:58:22+00:00\",\"dateModified\":\"2025-12-03T16:16:01+00:00\",\"description\":\"Kontaktm\u00f6glichkeiten der Praxis Dr. Peter Fleischhacker in Ibbenb\u00fcren.\",\"breadcrumb\":{\"@id\":\"https:\/\/praxis-fleischhacker.de\/?page_id=95#breadcrumb\"},\"inLanguage\":\"de\",\"potentialAction\":[{\"@type\":\"ReadAction\",\"target\":[\"https:\/\/praxis-fleischhacker.de\/?page_id=95\"]}]},{\"@type\":\"ImageObject\",\"inLanguage\":\"de\",\"@id\":\"https:\/\/praxis-fleischhacker.de\/?page_id=95#primaryimage\",\"url\":\"https:\/\/praxis-fleischhacker.de\/wp-content\/uploads\/2020\/11\/kontakt.jpg\",\"contentUrl\":\"https:\/\/praxis-fleischhacker.de\/wp-content\/uploads\/2020\/11\/kontakt.jpg\",\"width\":300,\"height\":300},{\"@type\":\"BreadcrumbList\",\"@id\":\"https:\/\/praxis-fleischhacker.de\/?page_id=95#breadcrumb\",\"itemListElement\":[{\"@type\":\"ListItem\",\"position\":1,\"name\":\"Startseite\",\"item\":\"https:\/\/praxis-fleischhacker.de\/\"},{\"@type\":\"ListItem\",\"position\":2,\"name\":\"Kontakt\"}]},{\"@type\":\"WebSite\",\"@id\":\"https:\/\/praxis-fleischhacker.de\/#website\",\"url\":\"https:\/\/praxis-fleischhacker.de\/\",\"name\":\"Dr. med. Peter Fleischhacker - Facharzt f\u00fcr Allgemeinmedizin, Akupunktur, Psychotherapie und Ern\u00e4hrungsmedizin\",\"description\":\"\",\"publisher\":{\"@id\":\"https:\/\/praxis-fleischhacker.de\/#organization\"},\"potentialAction\":[{\"@type\":\"SearchAction\",\"target\":{\"@type\":\"EntryPoint\",\"urlTemplate\":\"https:\/\/praxis-fleischhacker.de\/?s={search_term_string}\"},\"query-input\":{\"@type\":\"PropertyValueSpecification\",\"valueRequired\":true,\"valueName\":\"search_term_string\"}}],\"inLanguage\":\"de\"},{\"@type\":\"Organization\",\"@id\":\"https:\/\/praxis-fleischhacker.de\/#organization\",\"name\":\"Dr. med. Peter Fleischhacker - Facharzt f\u00fcr Allgemeinmedizin, Akupunktur, Psychotherapie und Ern\u00e4hrungsmedizin\",\"url\":\"https:\/\/praxis-fleischhacker.de\/\",\"logo\":{\"@type\":\"ImageObject\",\"inLanguage\":\"de\",\"@id\":\"https:\/\/praxis-fleischhacker.de\/#\/schema\/logo\/image\/\",\"url\":\"https:\/\/praxis-fleischhacker.de\/wp-content\/uploads\/2020\/11\/logo_linksoben3.gif\",\"contentUrl\":\"https:\/\/praxis-fleischhacker.de\/wp-content\/uploads\/2020\/11\/logo_linksoben3.gif\",\"width\":595,\"height\":138,\"caption\":\"Dr. med. Peter Fleischhacker - Facharzt f\u00fcr Allgemeinmedizin, Akupunktur, Psychotherapie und Ern\u00e4hrungsmedizin\"},\"image\":{\"@id\":\"https:\/\/praxis-fleischhacker.de\/#\/schema\/logo\/image\/\"}}]}<\/script>\n<!-- \/ Yoast SEO plugin. -->","yoast_head_json":{"title":"Kontakt - Dr. med. Peter Fleischhacker - Facharzt f\u00fcr Allgemeinmedizin, Akupunktur, Psychotherapie und Ern\u00e4hrungsmedizin","description":"Kontaktm\u00f6glichkeiten der Praxis Dr. Peter Fleischhacker in Ibbenb\u00fcren.","robots":{"index":"index","follow":"follow","max-snippet":"max-snippet:-1","max-image-preview":"max-image-preview:large","max-video-preview":"max-video-preview:-1"},"canonical":"https:\/\/praxis-fleischhacker.de\/?page_id=95","og_locale":"de_DE","og_type":"article","og_title":"Kontakt - Dr. med. Peter Fleischhacker - Facharzt f\u00fcr Allgemeinmedizin, Akupunktur, Psychotherapie und Ern\u00e4hrungsmedizin","og_description":"Kontaktm\u00f6glichkeiten der Praxis Dr. Peter Fleischhacker in Ibbenb\u00fcren.","og_url":"https:\/\/praxis-fleischhacker.de\/?page_id=95","og_site_name":"Dr. med. Peter Fleischhacker - Facharzt f\u00fcr Allgemeinmedizin, Akupunktur, Psychotherapie und Ern\u00e4hrungsmedizin","article_modified_time":"2025-12-03T16:16:01+00:00","og_image":[{"width":300,"height":300,"url":"https:\/\/praxis-fleischhacker.de\/wp-content\/uploads\/2020\/11\/kontakt.jpg","type":"image\/jpeg"}],"twitter_card":"summary_large_image","twitter_misc":{"Gesch\u00e4tzte Lesezeit":"2\u00a0Minuten"},"schema":{"@context":"https:\/\/schema.org","@graph":[{"@type":"WebPage","@id":"https:\/\/praxis-fleischhacker.de\/?page_id=95","url":"https:\/\/praxis-fleischhacker.de\/?page_id=95","name":"Kontakt - Dr. med. Peter Fleischhacker - Facharzt f\u00fcr Allgemeinmedizin, Akupunktur, Psychotherapie und Ern\u00e4hrungsmedizin","isPartOf":{"@id":"https:\/\/praxis-fleischhacker.de\/#website"},"primaryImageOfPage":{"@id":"https:\/\/praxis-fleischhacker.de\/?page_id=95#primaryimage"},"image":{"@id":"https:\/\/praxis-fleischhacker.de\/?page_id=95#primaryimage"},"thumbnailUrl":"https:\/\/praxis-fleischhacker.de\/wp-content\/uploads\/2020\/11\/kontakt.jpg","datePublished":"2020-11-29T17:58:22+00:00","dateModified":"2025-12-03T16:16:01+00:00","description":"Kontaktm\u00f6glichkeiten der Praxis Dr. Peter Fleischhacker in Ibbenb\u00fcren.","breadcrumb":{"@id":"https:\/\/praxis-fleischhacker.de\/?page_id=95#breadcrumb"},"inLanguage":"de","potentialAction":[{"@type":"ReadAction","target":["https:\/\/praxis-fleischhacker.de\/?page_id=95"]}]},{"@type":"ImageObject","inLanguage":"de","@id":"https:\/\/praxis-fleischhacker.de\/?page_id=95#primaryimage","url":"https:\/\/praxis-fleischhacker.de\/wp-content\/uploads\/2020\/11\/kontakt.jpg","contentUrl":"https:\/\/praxis-fleischhacker.de\/wp-content\/uploads\/2020\/11\/kontakt.jpg","width":300,"height":300},{"@type":"BreadcrumbList","@id":"https:\/\/praxis-fleischhacker.de\/?page_id=95#breadcrumb","itemListElement":[{"@type":"ListItem","position":1,"name":"Startseite","item":"https:\/\/praxis-fleischhacker.de\/"},{"@type":"ListItem","position":2,"name":"Kontakt"}]},{"@type":"WebSite","@id":"https:\/\/praxis-fleischhacker.de\/#website","url":"https:\/\/praxis-fleischhacker.de\/","name":"Dr. med. Peter Fleischhacker - Facharzt f\u00fcr Allgemeinmedizin, Akupunktur, Psychotherapie und Ern\u00e4hrungsmedizin","description":"","publisher":{"@id":"https:\/\/praxis-fleischhacker.de\/#organization"},"potentialAction":[{"@type":"SearchAction","target":{"@type":"EntryPoint","urlTemplate":"https:\/\/praxis-fleischhacker.de\/?s={search_term_string}"},"query-input":{"@type":"PropertyValueSpecification","valueRequired":true,"valueName":"search_term_string"}}],"inLanguage":"de"},{"@type":"Organization","@id":"https:\/\/praxis-fleischhacker.de\/#organization","name":"Dr. med. Peter Fleischhacker - Facharzt f\u00fcr Allgemeinmedizin, Akupunktur, Psychotherapie und Ern\u00e4hrungsmedizin","url":"https:\/\/praxis-fleischhacker.de\/","logo":{"@type":"ImageObject","inLanguage":"de","@id":"https:\/\/praxis-fleischhacker.de\/#\/schema\/logo\/image\/","url":"https:\/\/praxis-fleischhacker.de\/wp-content\/uploads\/2020\/11\/logo_linksoben3.gif","contentUrl":"https:\/\/praxis-fleischhacker.de\/wp-content\/uploads\/2020\/11\/logo_linksoben3.gif","width":595,"height":138,"caption":"Dr. med. Peter Fleischhacker - Facharzt f\u00fcr Allgemeinmedizin, Akupunktur, Psychotherapie und Ern\u00e4hrungsmedizin"},"image":{"@id":"https:\/\/praxis-fleischhacker.de\/#\/schema\/logo\/image\/"}}]}},"_links":{"self":[{"href":"https:\/\/praxis-fleischhacker.de\/index.php?rest_route=\/wp\/v2\/pages\/95","targetHints":{"allow":["GET"]}}],"collection":[{"href":"https:\/\/praxis-fleischhacker.de\/index.php?rest_route=\/wp\/v2\/pages"}],"about":[{"href":"https:\/\/praxis-fleischhacker.de\/index.php?rest_route=\/wp\/v2\/types\/page"}],"author":[{"embeddable":true,"href":"https:\/\/praxis-fleischhacker.de\/index.php?rest_route=\/wp\/v2\/users\/1"}],"replies":[{"embeddable":true,"href":"https:\/\/praxis-fleischhacker.de\/index.php?rest_route=%2Fwp%2Fv2%2Fcomments&post=95"}],"version-history":[{"count":8,"href":"https:\/\/praxis-fleischhacker.de\/index.php?rest_route=\/wp\/v2\/pages\/95\/revisions"}],"predecessor-version":[{"id":283,"href":"https:\/\/praxis-fleischhacker.de\/index.php?rest_route=\/wp\/v2\/pages\/95\/revisions\/283"}],"wp:attachment":[{"href":"https:\/\/praxis-fleischhacker.de\/index.php?rest_route=%2Fwp%2Fv2%2Fmedia&parent=95"}],"curies":[{"name":"wp","href":"https:\/\/api.w.org\/{rel}","templated":true}]}}